{"id":1879,"date":"2023-09-12T19:41:44","date_gmt":"2023-09-12T19:41:44","guid":{"rendered":"https:\/\/casa-vacanze-miro.com\/?page_id=1879"},"modified":"2025-09-12T17:01:58","modified_gmt":"2025-09-12T15:01:58","slug":"lage-ferienhaus","status":"publish","type":"page","link":"https:\/\/casa-vacanze-miro.com\/de\/info\/lage-ferienhaus\/","title":{"rendered":"Lage des Ferienhauses"},"content":{"rendered":"\n<div class=\"wp-block-cover alignfull has-parallax has-xx-large-font-size\"><div class=\"wp-block-cover__image-background wp-image-2283 has-parallax\" style=\"background-position:50% 50%;background-image:url(https:\/\/casa-vacanze-miro.com\/de\/wp-content\/uploads\/sites\/6\/sites\/16\/2025\/02\/IMG-20240823-WA0011.jpg)\"><\/div><span aria-hidden=\"true\" class=\"wp-block-cover__background has-contrast-background-color has-background-dim-30 has-background-dim\"><\/span><div class=\"wp-block-cover__inner-container has-global-padding is-layout-constrained wp-block-cover-is-layout-constrained\">\n<p class=\"has-text-align-center has-accent-5-color has-text-color has-link-color has-xx-large-font-size wp-elements-0145f5e8f460aaafe667a712c69d3724\">Lage des Ferienhauses<\/p>\n\n\n\n<div class=\"wp-block-buttons is-content-justification-center is-layout-flex wp-container-core-buttons-is-layout-a89b3969 wp-block-buttons-is-layout-flex\">\n<div class=\"wp-block-button is-style-outline is-style-outline--1\"><a class=\"wp-block-button__link has-accent-6-background-color has-background has-small-font-size has-custom-font-size wp-element-button\" href=\"https:\/\/casa-vacanze-miro.com\/de\/verfuegbarkeit-anfragen\/\">Verf\u00fcgbarkeit anfragen<\/a><\/div>\n<\/div>\n<\/div><\/div>\n\n\n\n<div class=\"wp-block-group has-global-padding is-layout-constrained wp-container-core-group-is-layout-01d2cb6a wp-block-group-is-layout-constrained\">\n<p>Das Ferienhaus MiRo befindet sich in der <strong>Via Orazio<\/strong> \u2013 einer ruhigen Seitenstra\u00dfe im Stadtteil <strong>Sferracavallo<\/strong> in <strong>Palermo<\/strong>. Dieser Teil der Stadt wirkt wie ein malerisches Fischerdorf.<\/p>\n\n\n\n<p><em>Sferracavallo<\/em> \u2013 einer der K\u00fcstenorte der Stadt \u2013 ist ein strategischer Ausgangspunkt f\u00fcr die Entdeckung der Sch\u00e4tze Palermos, da er sich zwar <strong>in der Stadt, aber abseits vom Chaos<\/strong> des Zentrums befindet: ideal f\u00fcr diejenigen, die die Sch\u00f6nheit der sizilianischen Hauptstadt erkunden m\u00f6chten, ohne auf die Ruhe und <strong>Authentizit\u00e4t eines K\u00fcstenortes<\/strong> verzichten zu m\u00fcssen.<\/p>\n\n\n\n<iframe loading=\"lazy\" width=\"645\" height=\"450\" style=\"border:0; margin: 1em auto; display: block;\" Loading=\"lazy\" allowfullscreen src=\"https:\/\/www.google.com\/maps\/embed\/v1\/place?q=place_id:ChIJdWGyjh_pGRMRcbgF5Zz4LdY&#038;key=AIzaSyAa6NTAnC3YQL0fSybCnbrOnvpteRcRbGk\"><\/iframe>\n\n\n\n<p>Die Lage ist <strong>strategisch g\u00fcnstig:<\/strong><\/p>\n\n\n\n<p>Zur belebten <strong>Piazza mit den beliebten Fischrestaurants<\/strong> gelangt man in nur 5 Minuten zu Fu\u00df.<\/p>\n\n\n\n<p>Der erste Abschnitt des <strong>charakteristischen K\u00fcstenstreifens<\/strong>, der zum Meeresschutzgebiet Capo Gallo\/<strong>Isola delle Femmine<\/strong> geh\u00f6rt, ist nur 200 Meter entfernt. F\u00fcr Liebhaber langer Spazierg\u00e4nge ist es m\u00f6glich, zu Fu\u00df das <a href=\"https:\/\/www.riservacapogallo.it\/\">Naturschutzgebiet Capo Gallo<\/a> zu erreichen. Dies ist ein Ort von au\u00dferordentlicher nat\u00fcrlicher Sch\u00f6nheit sowie eine St\u00e4tte von arch\u00e4ologischer und pal\u00e4ontologischer Bedeutung.<\/p>\n\n\n\n<p>Von <a href=\"https:\/\/casa-vacanze-miro.com\/de\/info\/entdecke-sferracavallo\/\">Sferracavallo<\/a> aus kann man mit der Metro leicht nach Palermo ins Zentrum gelangen. Der Flughafen ist ebenfalls mit der Metro erreichbar. Die Haltestelle ist in zirka 15 Minuten zu Fu\u00df erreichbar. Mit dem Bus kann man das Stadion von Palermo oder den Sandstrand von <strong>Mondello<\/strong> erreichen. Das Mieten eines Fahrzeuges bietet sich an, wenn man weitere Orte in Sizilien besichtigen m\u00f6chte. Die Lage des Ferienhauses besticht auch in diesem Fall als idealer Ausgangspunkt f\u00fcr <a href=\"https:\/\/casa-vacanze-miro.com\/de\/info\/tagesausfluege\/\">Tagesausfl\u00fcge<\/a>.<\/p>\n\n\n\n<p>Bei der Reservierung erhalten Sie zus\u00e4tzliche Informationen \u00fcber alle in der Umgebung verf\u00fcgbaren Dienstleistungen. Es ist zudem m\u00f6glich, eine Check-in-Zeit zu vereinbaren.<\/p>\n<\/div>\n","protected":false},"excerpt":{"rendered":"<p>Das Ferienhaus MiRo befindet sich in der Via Orazio \u2013 einer ruhigen Seitenstra\u00dfe im Stadtteil Sferracavallo in Palermo. Dieser Teil der Stadt wirkt wie ein malerisches Fischerdorf. Sferracavallo \u2013 einer der K\u00fcstenorte der Stadt \u2013 ist ein strategischer Ausgangspunkt f\u00fcr die Entdeckung der Sch\u00e4tze Palermos, da er sich zwar in der Stadt, aber abseits vom [&hellip;]<\/p>\n","protected":false},"author":5,"featured_media":2283,"parent":19,"menu_order":2,"comment_status":"closed","ping_status":"closed","template":"page-no-title","meta":{"footnotes":""},"class_list":["post-1879","page","type-page","status-publish","has-post-thumbnail","hentry"],"yoast_head":"<!-- This site is optimized with the Yoast SEO plugin v27.4 - https:\/\/yoast.com\/product\/yoast-seo-wordpress\/ -->\n<title>Lage des Ferienhauses - Ferienhaus MiRo in Sizilien<\/title>\n<meta name=\"description\" content=\"Das MiRo-Ferienhaus befindet sich in der Via Orazio in Sferracavallo (Palermo), Sizilien. Die Lage ist strategisch g\u00fcnstig.\" \/>\n<meta name=\"robots\" content=\"index, follow, max-snippet:-1, max-image-preview:large, max-video-preview:-1\" \/>\n<link rel=\"canonical\" href=\"https:\/\/casa-vacanze-miro.com\/de\/info\/lage-ferienhaus\/\" \/>\n<meta property=\"og:locale\" content=\"de_DE\" \/>\n<meta property=\"og:type\" content=\"article\" \/>\n<meta property=\"og:title\" content=\"Lage des Ferienhauses - Ferienhaus MiRo in Sizilien\" \/>\n<meta property=\"og:description\" content=\"Das MiRo-Ferienhaus befindet sich in der Via Orazio in Sferracavallo (Palermo), Sizilien. Die Lage ist strategisch g\u00fcnstig.\" \/>\n<meta property=\"og:url\" content=\"https:\/\/casa-vacanze-miro.com\/de\/info\/lage-ferienhaus\/\" \/>\n<meta property=\"og:site_name\" content=\"Ferienhaus MiRo in Sizilien\" \/>\n<meta property=\"article:modified_time\" content=\"2025-09-12T15:01:58+00:00\" \/>\n<meta property=\"og:image\" content=\"https:\/\/casa-vacanze-miro.com\/de\/wp-content\/uploads\/sites\/6\/sites\/16\/2025\/02\/IMG-20240823-WA0011.jpg\" \/>\n\t<meta property=\"og:image:width\" content=\"2016\" \/>\n\t<meta property=\"og:image:height\" content=\"1134\" \/>\n\t<meta property=\"og:image:type\" content=\"image\/jpeg\" \/>\n<meta name=\"twitter:card\" content=\"summary_large_image\" \/>\n<meta name=\"twitter:label1\" content=\"Gesch\u00e4tzte Lesezeit\" \/>\n\t<meta name=\"twitter:data1\" content=\"2\u00a0Minuten\" \/>\n<script type=\"application\/ld+json\" class=\"yoast-schema-graph\">{\"@context\":\"https:\\\/\\\/schema.org\",\"@graph\":[{\"@type\":\"WebPage\",\"@id\":\"https:\\\/\\\/casa-vacanze-miro.com\\\/de\\\/info\\\/lage-ferienhaus\\\/\",\"url\":\"https:\\\/\\\/casa-vacanze-miro.com\\\/de\\\/info\\\/lage-ferienhaus\\\/\",\"name\":\"Lage des Ferienhauses - Ferienhaus MiRo in Sizilien\",\"isPartOf\":{\"@id\":\"https:\\\/\\\/casa-vacanze-miro.com\\\/de\\\/#website\"},\"primaryImageOfPage\":{\"@id\":\"https:\\\/\\\/casa-vacanze-miro.com\\\/de\\\/info\\\/lage-ferienhaus\\\/#primaryimage\"},\"image\":{\"@id\":\"https:\\\/\\\/casa-vacanze-miro.com\\\/de\\\/info\\\/lage-ferienhaus\\\/#primaryimage\"},\"thumbnailUrl\":\"https:\\\/\\\/casa-vacanze-miro.com\\\/de\\\/wp-content\\\/uploads\\\/sites\\\/6\\\/sites\\\/16\\\/2025\\\/02\\\/IMG-20240823-WA0011.jpg\",\"datePublished\":\"2023-09-12T19:41:44+00:00\",\"dateModified\":\"2025-09-12T15:01:58+00:00\",\"description\":\"Das MiRo-Ferienhaus befindet sich in der Via Orazio in Sferracavallo (Palermo), Sizilien. Die Lage ist strategisch g\u00fcnstig.\",\"breadcrumb\":{\"@id\":\"https:\\\/\\\/casa-vacanze-miro.com\\\/de\\\/info\\\/lage-ferienhaus\\\/#breadcrumb\"},\"inLanguage\":\"de\",\"potentialAction\":[{\"@type\":\"ReadAction\",\"target\":[\"https:\\\/\\\/casa-vacanze-miro.com\\\/de\\\/info\\\/lage-ferienhaus\\\/\"]}]},{\"@type\":\"ImageObject\",\"inLanguage\":\"de\",\"@id\":\"https:\\\/\\\/casa-vacanze-miro.com\\\/de\\\/info\\\/lage-ferienhaus\\\/#primaryimage\",\"url\":\"https:\\\/\\\/casa-vacanze-miro.com\\\/de\\\/wp-content\\\/uploads\\\/sites\\\/6\\\/sites\\\/16\\\/2025\\\/02\\\/IMG-20240823-WA0011.jpg\",\"contentUrl\":\"https:\\\/\\\/casa-vacanze-miro.com\\\/de\\\/wp-content\\\/uploads\\\/sites\\\/6\\\/sites\\\/16\\\/2025\\\/02\\\/IMG-20240823-WA0011.jpg\",\"width\":2016,\"height\":1134},{\"@type\":\"BreadcrumbList\",\"@id\":\"https:\\\/\\\/casa-vacanze-miro.com\\\/de\\\/info\\\/lage-ferienhaus\\\/#breadcrumb\",\"itemListElement\":[{\"@type\":\"ListItem\",\"position\":1,\"name\":\"Home\",\"item\":\"https:\\\/\\\/casa-vacanze-miro.com\\\/de\\\/\"},{\"@type\":\"ListItem\",\"position\":2,\"name\":\"Ferienhaus MiRo in Sizilien\",\"item\":\"https:\\\/\\\/casa-vacanze-miro.com\\\/de\\\/\"},{\"@type\":\"ListItem\",\"position\":3,\"name\":\"Lage des Ferienhauses\"}]},{\"@type\":\"WebSite\",\"@id\":\"https:\\\/\\\/casa-vacanze-miro.com\\\/de\\\/#website\",\"url\":\"https:\\\/\\\/casa-vacanze-miro.com\\\/de\\\/\",\"name\":\"Ferienhaus MiRo in Sizilien\",\"description\":\"Urlaub in Palermo und nur ein paar Meter vom Meer entfernt.\",\"publisher\":{\"@id\":\"https:\\\/\\\/casa-vacanze-miro.com\\\/de\\\/#organization\"},\"potentialAction\":[{\"@type\":\"SearchAction\",\"target\":{\"@type\":\"EntryPoint\",\"urlTemplate\":\"https:\\\/\\\/casa-vacanze-miro.com\\\/de\\\/?s={search_term_string}\"},\"query-input\":{\"@type\":\"PropertyValueSpecification\",\"valueRequired\":true,\"valueName\":\"search_term_string\"}}],\"inLanguage\":\"de\"},{\"@type\":\"Organization\",\"@id\":\"https:\\\/\\\/casa-vacanze-miro.com\\\/de\\\/#organization\",\"name\":\"Ferienhaus MiRo in Sizilien\",\"url\":\"https:\\\/\\\/casa-vacanze-miro.com\\\/de\\\/\",\"logo\":{\"@type\":\"ImageObject\",\"inLanguage\":\"de\",\"@id\":\"https:\\\/\\\/casa-vacanze-miro.com\\\/de\\\/#\\\/schema\\\/logo\\\/image\\\/\",\"url\":\"https:\\\/\\\/casa-vacanze-miro.com\\\/de\\\/wp-content\\\/uploads\\\/sites\\\/6\\\/sites\\\/16\\\/2025\\\/03\\\/miro-logo.png\",\"contentUrl\":\"https:\\\/\\\/casa-vacanze-miro.com\\\/de\\\/wp-content\\\/uploads\\\/sites\\\/6\\\/sites\\\/16\\\/2025\\\/03\\\/miro-logo.png\",\"width\":512,\"height\":512,\"caption\":\"Ferienhaus MiRo in Sizilien\"},\"image\":{\"@id\":\"https:\\\/\\\/casa-vacanze-miro.com\\\/de\\\/#\\\/schema\\\/logo\\\/image\\\/\"}}]}<\/script>\n<!-- \/ Yoast SEO plugin. -->","yoast_head_json":{"title":"Lage des Ferienhauses - Ferienhaus MiRo in Sizilien","description":"Das MiRo-Ferienhaus befindet sich in der Via Orazio in Sferracavallo (Palermo), Sizilien. Die Lage ist strategisch g\u00fcnstig.","robots":{"index":"index","follow":"follow","max-snippet":"max-snippet:-1","max-image-preview":"max-image-preview:large","max-video-preview":"max-video-preview:-1"},"canonical":"https:\/\/casa-vacanze-miro.com\/de\/info\/lage-ferienhaus\/","og_locale":"de_DE","og_type":"article","og_title":"Lage des Ferienhauses - Ferienhaus MiRo in Sizilien","og_description":"Das MiRo-Ferienhaus befindet sich in der Via Orazio in Sferracavallo (Palermo), Sizilien. Die Lage ist strategisch g\u00fcnstig.","og_url":"https:\/\/casa-vacanze-miro.com\/de\/info\/lage-ferienhaus\/","og_site_name":"Ferienhaus MiRo in Sizilien","article_modified_time":"2025-09-12T15:01:58+00:00","og_image":[{"width":2016,"height":1134,"url":"https:\/\/casa-vacanze-miro.com\/de\/wp-content\/uploads\/sites\/6\/sites\/16\/2025\/02\/IMG-20240823-WA0011.jpg","type":"image\/jpeg"}],"twitter_card":"summary_large_image","twitter_misc":{"Gesch\u00e4tzte Lesezeit":"2\u00a0Minuten"},"schema":{"@context":"https:\/\/schema.org","@graph":[{"@type":"WebPage","@id":"https:\/\/casa-vacanze-miro.com\/de\/info\/lage-ferienhaus\/","url":"https:\/\/casa-vacanze-miro.com\/de\/info\/lage-ferienhaus\/","name":"Lage des Ferienhauses - Ferienhaus MiRo in Sizilien","isPartOf":{"@id":"https:\/\/casa-vacanze-miro.com\/de\/#website"},"primaryImageOfPage":{"@id":"https:\/\/casa-vacanze-miro.com\/de\/info\/lage-ferienhaus\/#primaryimage"},"image":{"@id":"https:\/\/casa-vacanze-miro.com\/de\/info\/lage-ferienhaus\/#primaryimage"},"thumbnailUrl":"https:\/\/casa-vacanze-miro.com\/de\/wp-content\/uploads\/sites\/6\/sites\/16\/2025\/02\/IMG-20240823-WA0011.jpg","datePublished":"2023-09-12T19:41:44+00:00","dateModified":"2025-09-12T15:01:58+00:00","description":"Das MiRo-Ferienhaus befindet sich in der Via Orazio in Sferracavallo (Palermo), Sizilien. Die Lage ist strategisch g\u00fcnstig.","breadcrumb":{"@id":"https:\/\/casa-vacanze-miro.com\/de\/info\/lage-ferienhaus\/#breadcrumb"},"inLanguage":"de","potentialAction":[{"@type":"ReadAction","target":["https:\/\/casa-vacanze-miro.com\/de\/info\/lage-ferienhaus\/"]}]},{"@type":"ImageObject","inLanguage":"de","@id":"https:\/\/casa-vacanze-miro.com\/de\/info\/lage-ferienhaus\/#primaryimage","url":"https:\/\/casa-vacanze-miro.com\/de\/wp-content\/uploads\/sites\/6\/sites\/16\/2025\/02\/IMG-20240823-WA0011.jpg","contentUrl":"https:\/\/casa-vacanze-miro.com\/de\/wp-content\/uploads\/sites\/6\/sites\/16\/2025\/02\/IMG-20240823-WA0011.jpg","width":2016,"height":1134},{"@type":"BreadcrumbList","@id":"https:\/\/casa-vacanze-miro.com\/de\/info\/lage-ferienhaus\/#breadcrumb","itemListElement":[{"@type":"ListItem","position":1,"name":"Home","item":"https:\/\/casa-vacanze-miro.com\/de\/"},{"@type":"ListItem","position":2,"name":"Ferienhaus MiRo in Sizilien","item":"https:\/\/casa-vacanze-miro.com\/de\/"},{"@type":"ListItem","position":3,"name":"Lage des Ferienhauses"}]},{"@type":"WebSite","@id":"https:\/\/casa-vacanze-miro.com\/de\/#website","url":"https:\/\/casa-vacanze-miro.com\/de\/","name":"Ferienhaus MiRo in Sizilien","description":"Urlaub in Palermo und nur ein paar Meter vom Meer entfernt.","publisher":{"@id":"https:\/\/casa-vacanze-miro.com\/de\/#organization"},"potentialAction":[{"@type":"SearchAction","target":{"@type":"EntryPoint","urlTemplate":"https:\/\/casa-vacanze-miro.com\/de\/?s={search_term_string}"},"query-input":{"@type":"PropertyValueSpecification","valueRequired":true,"valueName":"search_term_string"}}],"inLanguage":"de"},{"@type":"Organization","@id":"https:\/\/casa-vacanze-miro.com\/de\/#organization","name":"Ferienhaus MiRo in Sizilien","url":"https:\/\/casa-vacanze-miro.com\/de\/","logo":{"@type":"ImageObject","inLanguage":"de","@id":"https:\/\/casa-vacanze-miro.com\/de\/#\/schema\/logo\/image\/","url":"https:\/\/casa-vacanze-miro.com\/de\/wp-content\/uploads\/sites\/6\/sites\/16\/2025\/03\/miro-logo.png","contentUrl":"https:\/\/casa-vacanze-miro.com\/de\/wp-content\/uploads\/sites\/6\/sites\/16\/2025\/03\/miro-logo.png","width":512,"height":512,"caption":"Ferienhaus MiRo in Sizilien"},"image":{"@id":"https:\/\/casa-vacanze-miro.com\/de\/#\/schema\/logo\/image\/"}}]}},"_links":{"self":[{"href":"https:\/\/casa-vacanze-miro.com\/de\/wp-json\/wp\/v2\/pages\/1879","targetHints":{"allow":["GET"]}}],"collection":[{"href":"https:\/\/casa-vacanze-miro.com\/de\/wp-json\/wp\/v2\/pages"}],"about":[{"href":"https:\/\/casa-vacanze-miro.com\/de\/wp-json\/wp\/v2\/types\/page"}],"author":[{"embeddable":true,"href":"https:\/\/casa-vacanze-miro.com\/de\/wp-json\/wp\/v2\/users\/5"}],"replies":[{"embeddable":true,"href":"https:\/\/casa-vacanze-miro.com\/de\/wp-json\/wp\/v2\/comments?post=1879"}],"version-history":[{"count":7,"href":"https:\/\/casa-vacanze-miro.com\/de\/wp-json\/wp\/v2\/pages\/1879\/revisions"}],"predecessor-version":[{"id":2500,"href":"https:\/\/casa-vacanze-miro.com\/de\/wp-json\/wp\/v2\/pages\/1879\/revisions\/2500"}],"up":[{"embeddable":true,"href":"https:\/\/casa-vacanze-miro.com\/de\/wp-json\/wp\/v2\/pages\/19"}],"wp:featuredmedia":[{"embeddable":true,"href":"https:\/\/casa-vacanze-miro.com\/de\/wp-json\/wp\/v2\/media\/2283"}],"wp:attachment":[{"href":"https:\/\/casa-vacanze-miro.com\/de\/wp-json\/wp\/v2\/media?parent=1879"}],"curies":[{"name":"wp","href":"https:\/\/api.w.org\/{rel}","templated":true}]}}