{"id":19,"date":"2023-06-27T14:27:04","date_gmt":"2023-06-27T14:27:04","guid":{"rendered":"https:\/\/casa-vacanze-miro.com\/?page_id=19"},"modified":"2025-09-11T09:23:18","modified_gmt":"2025-09-11T07:23:18","slug":"info","status":"publish","type":"page","link":"https:\/\/casa-vacanze-miro.com\/de\/","title":{"rendered":"Ferienhaus MiRo in Sizilien"},"content":{"rendered":"\n<div class=\"wp-block-cover alignfull has-parallax\"><span aria-hidden=\"true\" class=\"wp-block-cover__background has-contrast-background-color has-background-dim-30 has-background-dim\"><\/span><div class=\"wp-block-cover__image-background wp-image-2251 has-parallax\" style=\"background-position:50% 50%;background-image:url(https:\/\/casa-vacanze-miro.com\/de\/wp-content\/uploads\/sites\/6\/sites\/16\/2025\/02\/IMG_20230819_080134247-scaled-1.jpg)\"><\/div><div class=\"wp-block-cover__inner-container has-global-padding is-layout-constrained wp-block-cover-is-layout-constrained\">\n<p class=\"has-text-align-center is-style-default has-accent-5-color has-text-color has-link-color has-xx-large-font-size wp-elements-5ad07e6aa1f3ee135bec1b607c3d3af3\">Ferienhaus MiRo in Sizilien<\/p>\n\n\n\n<p class=\"has-text-align-center\">Urlaub in Palermo und nur ein paar Meter vom Meer entfernt.<\/p>\n\n\n\n<div class=\"wp-block-buttons is-content-justification-center is-layout-flex wp-container-core-buttons-is-layout-a89b3969 wp-block-buttons-is-layout-flex\">\n<div class=\"wp-block-button has-custom-font-size is-style-outline has-small-font-size is-style-outline--1\"><a class=\"wp-block-button__link has-accent-6-background-color has-background wp-element-button\" href=\"https:\/\/casa-vacanze-miro.com\/de\/verfuegbarkeit-anfragen\/\">Verf\u00fcgbarkeit anfragen<\/a><\/div>\n<\/div>\n<\/div><\/div>\n\n\n\n<div class=\"wp-block-query is-layout-flow wp-block-query-is-layout-flow\"><ul class=\"columns-4 wp-block-post-template is-layout-grid wp-container-core-post-template-is-layout-e9f63eb8 wp-block-post-template-is-layout-grid\"><li class=\"wp-block-post post-1875 page type-page status-publish has-post-thumbnail hentry\">\n\n<div class=\"wp-block-group is-layout-flow wp-block-group-is-layout-flow\" style=\"padding-top:30px;padding-right:30px;padding-bottom:30px;padding-left:30px\"><figure style=\"aspect-ratio:16\/9;\" class=\"wp-block-post-featured-image\"><img loading=\"lazy\" decoding=\"async\" width=\"1600\" height=\"992\" src=\"https:\/\/casa-vacanze-miro.com\/de\/wp-content\/uploads\/sites\/6\/sites\/16\/2025\/02\/IMG-20240820-WA0009.jpg\" class=\"attachment-post-thumbnail size-post-thumbnail wp-post-image\" alt=\"\" style=\"width:100%;height:100%;object-fit:cover;\" srcset=\"https:\/\/casa-vacanze-miro.com\/de\/wp-content\/uploads\/sites\/6\/sites\/16\/2025\/02\/IMG-20240820-WA0009.jpg 1600w, https:\/\/casa-vacanze-miro.com\/de\/wp-content\/uploads\/sites\/6\/sites\/16\/2025\/02\/IMG-20240820-WA0009-300x186.jpg 300w, https:\/\/casa-vacanze-miro.com\/de\/wp-content\/uploads\/sites\/6\/sites\/16\/2025\/02\/IMG-20240820-WA0009-1024x635.jpg 1024w, https:\/\/casa-vacanze-miro.com\/de\/wp-content\/uploads\/sites\/6\/sites\/16\/2025\/02\/IMG-20240820-WA0009-768x476.jpg 768w, https:\/\/casa-vacanze-miro.com\/de\/wp-content\/uploads\/sites\/6\/sites\/16\/2025\/02\/IMG-20240820-WA0009-1536x952.jpg 1536w\" sizes=\"auto, (max-width: 1600px) 100vw, 1600px\" \/><\/figure>\n\n<h2 style=\"font-style:normal;font-weight:400;text-transform:uppercase;\" class=\"has-link-color wp-elements-45e7a7cb54ce62a46de856878909ce3c wp-block-post-title has-text-color has-accent-2-color has-large-font-size\"><a href=\"https:\/\/casa-vacanze-miro.com\/de\/info\/entdecke-sferracavallo\/\" target=\"_self\" >Entdecke Palermo &#8211; Sferracavallo<\/a><\/h2>\n\n<div class=\"wp-block-post-excerpt\"><p class=\"wp-block-post-excerpt__excerpt\">Sferracavallo ist f\u00fcr uns ein bisschen wie Sizilien im Kleinformat: eine perfekte Kombination f\u00fcr alle, die einen Urlaub voller Meer, Natur und atemberaubender Landschaften genie\u00dfen wollen und auf Geschichte, Kunst&hellip; <\/p><\/div><\/div>\n\n<\/li><li class=\"wp-block-post post-1877 page type-page status-publish has-post-thumbnail hentry\">\n\n<div class=\"wp-block-group is-layout-flow wp-block-group-is-layout-flow\" style=\"padding-top:30px;padding-right:30px;padding-bottom:30px;padding-left:30px\"><figure style=\"aspect-ratio:16\/9;\" class=\"wp-block-post-featured-image\"><img loading=\"lazy\" decoding=\"async\" width=\"1600\" height=\"720\" src=\"https:\/\/casa-vacanze-miro.com\/de\/wp-content\/uploads\/sites\/6\/sites\/16\/2023\/09\/IMG-20220729-WA0017-e1694548693340.jpg\" class=\"attachment-post-thumbnail size-post-thumbnail wp-post-image\" alt=\"\" style=\"width:100%;height:100%;object-fit:cover;\" srcset=\"https:\/\/casa-vacanze-miro.com\/de\/wp-content\/uploads\/sites\/6\/sites\/16\/2023\/09\/IMG-20220729-WA0017-e1694548693340.jpg 1600w, https:\/\/casa-vacanze-miro.com\/de\/wp-content\/uploads\/sites\/6\/sites\/16\/2023\/09\/IMG-20220729-WA0017-e1694548693340-300x135.jpg 300w, https:\/\/casa-vacanze-miro.com\/de\/wp-content\/uploads\/sites\/6\/sites\/16\/2023\/09\/IMG-20220729-WA0017-e1694548693340-1024x461.jpg 1024w, https:\/\/casa-vacanze-miro.com\/de\/wp-content\/uploads\/sites\/6\/sites\/16\/2023\/09\/IMG-20220729-WA0017-e1694548693340-768x346.jpg 768w, https:\/\/casa-vacanze-miro.com\/de\/wp-content\/uploads\/sites\/6\/sites\/16\/2023\/09\/IMG-20220729-WA0017-e1694548693340-1536x691.jpg 1536w\" sizes=\"auto, (max-width: 1600px) 100vw, 1600px\" \/><\/figure>\n\n<h2 style=\"font-style:normal;font-weight:400;text-transform:uppercase;\" class=\"has-link-color wp-elements-45e7a7cb54ce62a46de856878909ce3c wp-block-post-title has-text-color has-accent-2-color has-large-font-size\"><a href=\"https:\/\/casa-vacanze-miro.com\/de\/info\/ausstattung-ferienhaus\/\" target=\"_self\" >Ausstattung des Ferienhauses<\/a><\/h2>\n\n<div class=\"wp-block-post-excerpt\"><p class=\"wp-block-post-excerpt__excerpt\">Zur Ausstattung des Ferienhauses MiRo geh\u00f6ren Geschirr, T\u00f6pfen und Pfannen, Kaffeemaschine, Mikrowelle, Haartrockner, Bettw\u00e4sche und Handt\u00fccher. Im Erdgeschoss befindet sich der Eingang mit der Wohnk\u00fcche, die zum Schlafbereich auf zwei&hellip; <\/p><\/div><\/div>\n\n<\/li><li class=\"wp-block-post post-1879 page type-page status-publish has-post-thumbnail hentry\">\n\n<div class=\"wp-block-group is-layout-flow wp-block-group-is-layout-flow\" style=\"padding-top:30px;padding-right:30px;padding-bottom:30px;padding-left:30px\"><figure style=\"aspect-ratio:16\/9;\" class=\"wp-block-post-featured-image\"><img loading=\"lazy\" decoding=\"async\" width=\"2016\" height=\"1134\" src=\"https:\/\/casa-vacanze-miro.com\/de\/wp-content\/uploads\/sites\/6\/sites\/16\/2025\/02\/IMG-20240823-WA0011.jpg\" class=\"attachment-post-thumbnail size-post-thumbnail wp-post-image\" alt=\"\" style=\"width:100%;height:100%;object-fit:cover;\" srcset=\"https:\/\/casa-vacanze-miro.com\/de\/wp-content\/uploads\/sites\/6\/sites\/16\/2025\/02\/IMG-20240823-WA0011.jpg 2016w, https:\/\/casa-vacanze-miro.com\/de\/wp-content\/uploads\/sites\/6\/sites\/16\/2025\/02\/IMG-20240823-WA0011-300x169.jpg 300w, https:\/\/casa-vacanze-miro.com\/de\/wp-content\/uploads\/sites\/6\/sites\/16\/2025\/02\/IMG-20240823-WA0011-1024x576.jpg 1024w, https:\/\/casa-vacanze-miro.com\/de\/wp-content\/uploads\/sites\/6\/sites\/16\/2025\/02\/IMG-20240823-WA0011-768x432.jpg 768w, https:\/\/casa-vacanze-miro.com\/de\/wp-content\/uploads\/sites\/6\/sites\/16\/2025\/02\/IMG-20240823-WA0011-1536x864.jpg 1536w\" sizes=\"auto, (max-width: 2016px) 100vw, 2016px\" \/><\/figure>\n\n<h2 style=\"font-style:normal;font-weight:400;text-transform:uppercase;\" class=\"has-link-color wp-elements-45e7a7cb54ce62a46de856878909ce3c wp-block-post-title has-text-color has-accent-2-color has-large-font-size\"><a href=\"https:\/\/casa-vacanze-miro.com\/de\/info\/lage-ferienhaus\/\" target=\"_self\" >Lage des Ferienhauses<\/a><\/h2>\n\n<div class=\"wp-block-post-excerpt\"><p class=\"wp-block-post-excerpt__excerpt\">Das Ferienhaus MiRo befindet sich in der Via Orazio \u2013 einer ruhigen Seitenstra\u00dfe im Stadtteil Sferracavallo in Palermo. Dieser Teil der Stadt wirkt wie ein malerisches Fischerdorf. Sferracavallo \u2013 einer&hellip; <\/p><\/div><\/div>\n\n<\/li><li class=\"wp-block-post post-2363 page type-page status-publish has-post-thumbnail hentry\">\n\n<div class=\"wp-block-group is-layout-flow wp-block-group-is-layout-flow\" style=\"padding-top:30px;padding-right:30px;padding-bottom:30px;padding-left:30px\"><figure style=\"aspect-ratio:16\/9;\" class=\"wp-block-post-featured-image\"><img loading=\"lazy\" decoding=\"async\" width=\"2400\" height=\"1458\" src=\"https:\/\/casa-vacanze-miro.com\/de\/wp-content\/uploads\/sites\/6\/sites\/16\/2025\/03\/ricardo-gomez-angel-80AA-9ZZW0M-unsplash-1.jpg\" class=\"attachment-post-thumbnail size-post-thumbnail wp-post-image\" alt=\"\" style=\"width:100%;height:100%;object-fit:cover;\" srcset=\"https:\/\/casa-vacanze-miro.com\/de\/wp-content\/uploads\/sites\/6\/sites\/16\/2025\/03\/ricardo-gomez-angel-80AA-9ZZW0M-unsplash-1.jpg 2400w, https:\/\/casa-vacanze-miro.com\/de\/wp-content\/uploads\/sites\/6\/sites\/16\/2025\/03\/ricardo-gomez-angel-80AA-9ZZW0M-unsplash-1-300x182.jpg 300w, https:\/\/casa-vacanze-miro.com\/de\/wp-content\/uploads\/sites\/6\/sites\/16\/2025\/03\/ricardo-gomez-angel-80AA-9ZZW0M-unsplash-1-1024x622.jpg 1024w, https:\/\/casa-vacanze-miro.com\/de\/wp-content\/uploads\/sites\/6\/sites\/16\/2025\/03\/ricardo-gomez-angel-80AA-9ZZW0M-unsplash-1-768x467.jpg 768w, https:\/\/casa-vacanze-miro.com\/de\/wp-content\/uploads\/sites\/6\/sites\/16\/2025\/03\/ricardo-gomez-angel-80AA-9ZZW0M-unsplash-1-1536x933.jpg 1536w, https:\/\/casa-vacanze-miro.com\/de\/wp-content\/uploads\/sites\/6\/sites\/16\/2025\/03\/ricardo-gomez-angel-80AA-9ZZW0M-unsplash-1-2048x1244.jpg 2048w\" sizes=\"auto, (max-width: 2400px) 100vw, 2400px\" \/><\/figure>\n\n<h2 style=\"font-style:normal;font-weight:400;text-transform:uppercase;\" class=\"has-link-color wp-elements-45e7a7cb54ce62a46de856878909ce3c wp-block-post-title has-text-color has-accent-2-color has-large-font-size\"><a href=\"https:\/\/casa-vacanze-miro.com\/de\/info\/tagesausfluege\/\" target=\"_self\" >Tagesausfl\u00fcge<\/a><\/h2>\n\n<div class=\"wp-block-post-excerpt\"><p class=\"wp-block-post-excerpt__excerpt\">Sferracavallo ist nicht nur hervorragend an die Stadt Palermo und den Flughafen Falcone e Borsellino angebunden, sondern auch ein idealer Ausgangspunkt f\u00fcr Tagesausfl\u00fcge, um die unz\u00e4hligen Sch\u00e4tze dieser Insel zu&hellip; <\/p><\/div><\/div>\n\n<\/li><\/ul><\/div>\n","protected":false},"excerpt":{"rendered":"","protected":false},"author":5,"featured_media":0,"parent":0,"menu_order":0,"comment_status":"closed","ping_status":"closed","template":"page-no-title","meta":{"footnotes":""},"class_list":["post-19","page","type-page","status-publish","hentry"],"yoast_head":"<!-- This site is optimized with the Yoast SEO plugin v27.3 - https:\/\/yoast.com\/product\/yoast-seo-wordpress\/ -->\n<title>Ferienhaus MiRo in Sizilien - Ferienhaus MiRo in Sizilien<\/title>\n<meta name=\"description\" content=\"Das MiRo Holiday House liegt in einer ruhigen Stra\u00dfe im malerischen Fischerdorf Sferracavallo in Palermo (S.\" \/>\n<meta name=\"robots\" content=\"index, follow, max-snippet:-1, max-image-preview:large, max-video-preview:-1\" \/>\n<link rel=\"canonical\" href=\"https:\/\/casa-vacanze-miro.com\/de\/\" \/>\n<meta property=\"og:locale\" content=\"de_DE\" \/>\n<meta property=\"og:type\" content=\"article\" \/>\n<meta property=\"og:title\" content=\"Ferienhaus MiRo in Sizilien - Ferienhaus MiRo in Sizilien\" \/>\n<meta property=\"og:description\" content=\"Das MiRo Holiday House liegt in einer ruhigen Stra\u00dfe im malerischen Fischerdorf Sferracavallo in Palermo (S.\" \/>\n<meta property=\"og:url\" content=\"https:\/\/casa-vacanze-miro.com\/de\/\" \/>\n<meta property=\"og:site_name\" content=\"Ferienhaus MiRo in Sizilien\" \/>\n<meta property=\"article:modified_time\" content=\"2025-09-11T07:23:18+00:00\" \/>\n<meta name=\"twitter:card\" content=\"summary_large_image\" \/>\n<meta name=\"twitter:label1\" content=\"Gesch\u00e4tzte Lesezeit\" \/>\n\t<meta name=\"twitter:data1\" content=\"1\u00a0Minute\" \/>\n<script type=\"application\/ld+json\" class=\"yoast-schema-graph\">{\"@context\":\"https:\\\/\\\/schema.org\",\"@graph\":[{\"@type\":\"WebPage\",\"@id\":\"https:\\\/\\\/casa-vacanze-miro.com\\\/de\\\/\",\"url\":\"https:\\\/\\\/casa-vacanze-miro.com\\\/de\\\/\",\"name\":\"Ferienhaus MiRo in Sizilien - Ferienhaus MiRo in Sizilien\",\"isPartOf\":{\"@id\":\"https:\\\/\\\/casa-vacanze-miro.com\\\/de\\\/#website\"},\"datePublished\":\"2023-06-27T14:27:04+00:00\",\"dateModified\":\"2025-09-11T07:23:18+00:00\",\"description\":\"Das MiRo Holiday House liegt in einer ruhigen Stra\u00dfe im malerischen Fischerdorf Sferracavallo in Palermo (S.\",\"breadcrumb\":{\"@id\":\"https:\\\/\\\/casa-vacanze-miro.com\\\/de\\\/#breadcrumb\"},\"inLanguage\":\"de\",\"potentialAction\":[{\"@type\":\"ReadAction\",\"target\":[\"https:\\\/\\\/casa-vacanze-miro.com\\\/de\\\/\"]}]},{\"@type\":\"BreadcrumbList\",\"@id\":\"https:\\\/\\\/casa-vacanze-miro.com\\\/de\\\/#breadcrumb\",\"itemListElement\":[{\"@type\":\"ListItem\",\"position\":1,\"name\":\"Home\",\"item\":\"https:\\\/\\\/casa-vacanze-miro.com\\\/de\\\/\"},{\"@type\":\"ListItem\",\"position\":2,\"name\":\"Ferienhaus MiRo in Sizilien\"}]},{\"@type\":\"WebSite\",\"@id\":\"https:\\\/\\\/casa-vacanze-miro.com\\\/de\\\/#website\",\"url\":\"https:\\\/\\\/casa-vacanze-miro.com\\\/de\\\/\",\"name\":\"Ferienhaus MiRo in Sizilien\",\"description\":\"Urlaub in Palermo und nur ein paar Meter vom Meer entfernt.\",\"publisher\":{\"@id\":\"https:\\\/\\\/casa-vacanze-miro.com\\\/de\\\/#organization\"},\"potentialAction\":[{\"@type\":\"SearchAction\",\"target\":{\"@type\":\"EntryPoint\",\"urlTemplate\":\"https:\\\/\\\/casa-vacanze-miro.com\\\/de\\\/?s={search_term_string}\"},\"query-input\":{\"@type\":\"PropertyValueSpecification\",\"valueRequired\":true,\"valueName\":\"search_term_string\"}}],\"inLanguage\":\"de\"},{\"@type\":\"Organization\",\"@id\":\"https:\\\/\\\/casa-vacanze-miro.com\\\/de\\\/#organization\",\"name\":\"Ferienhaus MiRo in Sizilien\",\"url\":\"https:\\\/\\\/casa-vacanze-miro.com\\\/de\\\/\",\"logo\":{\"@type\":\"ImageObject\",\"inLanguage\":\"de\",\"@id\":\"https:\\\/\\\/casa-vacanze-miro.com\\\/de\\\/#\\\/schema\\\/logo\\\/image\\\/\",\"url\":\"https:\\\/\\\/casa-vacanze-miro.com\\\/de\\\/wp-content\\\/uploads\\\/sites\\\/6\\\/sites\\\/16\\\/2025\\\/03\\\/miro-logo.png\",\"contentUrl\":\"https:\\\/\\\/casa-vacanze-miro.com\\\/de\\\/wp-content\\\/uploads\\\/sites\\\/6\\\/sites\\\/16\\\/2025\\\/03\\\/miro-logo.png\",\"width\":512,\"height\":512,\"caption\":\"Ferienhaus MiRo in Sizilien\"},\"image\":{\"@id\":\"https:\\\/\\\/casa-vacanze-miro.com\\\/de\\\/#\\\/schema\\\/logo\\\/image\\\/\"}}]}<\/script>\n<!-- \/ Yoast SEO plugin. -->","yoast_head_json":{"title":"Ferienhaus MiRo in Sizilien - Ferienhaus MiRo in Sizilien","description":"Das MiRo Holiday House liegt in einer ruhigen Stra\u00dfe im malerischen Fischerdorf Sferracavallo in Palermo (S.","robots":{"index":"index","follow":"follow","max-snippet":"max-snippet:-1","max-image-preview":"max-image-preview:large","max-video-preview":"max-video-preview:-1"},"canonical":"https:\/\/casa-vacanze-miro.com\/de\/","og_locale":"de_DE","og_type":"article","og_title":"Ferienhaus MiRo in Sizilien - Ferienhaus MiRo in Sizilien","og_description":"Das MiRo Holiday House liegt in einer ruhigen Stra\u00dfe im malerischen Fischerdorf Sferracavallo in Palermo (S.","og_url":"https:\/\/casa-vacanze-miro.com\/de\/","og_site_name":"Ferienhaus MiRo in Sizilien","article_modified_time":"2025-09-11T07:23:18+00:00","twitter_card":"summary_large_image","twitter_misc":{"Gesch\u00e4tzte Lesezeit":"1\u00a0Minute"},"schema":{"@context":"https:\/\/schema.org","@graph":[{"@type":"WebPage","@id":"https:\/\/casa-vacanze-miro.com\/de\/","url":"https:\/\/casa-vacanze-miro.com\/de\/","name":"Ferienhaus MiRo in Sizilien - Ferienhaus MiRo in Sizilien","isPartOf":{"@id":"https:\/\/casa-vacanze-miro.com\/de\/#website"},"datePublished":"2023-06-27T14:27:04+00:00","dateModified":"2025-09-11T07:23:18+00:00","description":"Das MiRo Holiday House liegt in einer ruhigen Stra\u00dfe im malerischen Fischerdorf Sferracavallo in Palermo (S.","breadcrumb":{"@id":"https:\/\/casa-vacanze-miro.com\/de\/#breadcrumb"},"inLanguage":"de","potentialAction":[{"@type":"ReadAction","target":["https:\/\/casa-vacanze-miro.com\/de\/"]}]},{"@type":"BreadcrumbList","@id":"https:\/\/casa-vacanze-miro.com\/de\/#breadcrumb","itemListElement":[{"@type":"ListItem","position":1,"name":"Home","item":"https:\/\/casa-vacanze-miro.com\/de\/"},{"@type":"ListItem","position":2,"name":"Ferienhaus MiRo in Sizilien"}]},{"@type":"WebSite","@id":"https:\/\/casa-vacanze-miro.com\/de\/#website","url":"https:\/\/casa-vacanze-miro.com\/de\/","name":"Ferienhaus MiRo in Sizilien","description":"Urlaub in Palermo und nur ein paar Meter vom Meer entfernt.","publisher":{"@id":"https:\/\/casa-vacanze-miro.com\/de\/#organization"},"potentialAction":[{"@type":"SearchAction","target":{"@type":"EntryPoint","urlTemplate":"https:\/\/casa-vacanze-miro.com\/de\/?s={search_term_string}"},"query-input":{"@type":"PropertyValueSpecification","valueRequired":true,"valueName":"search_term_string"}}],"inLanguage":"de"},{"@type":"Organization","@id":"https:\/\/casa-vacanze-miro.com\/de\/#organization","name":"Ferienhaus MiRo in Sizilien","url":"https:\/\/casa-vacanze-miro.com\/de\/","logo":{"@type":"ImageObject","inLanguage":"de","@id":"https:\/\/casa-vacanze-miro.com\/de\/#\/schema\/logo\/image\/","url":"https:\/\/casa-vacanze-miro.com\/de\/wp-content\/uploads\/sites\/6\/sites\/16\/2025\/03\/miro-logo.png","contentUrl":"https:\/\/casa-vacanze-miro.com\/de\/wp-content\/uploads\/sites\/6\/sites\/16\/2025\/03\/miro-logo.png","width":512,"height":512,"caption":"Ferienhaus MiRo in Sizilien"},"image":{"@id":"https:\/\/casa-vacanze-miro.com\/de\/#\/schema\/logo\/image\/"}}]}},"jetpack_sharing_enabled":true,"_links":{"self":[{"href":"https:\/\/casa-vacanze-miro.com\/de\/wp-json\/wp\/v2\/pages\/19","targetHints":{"allow":["GET"]}}],"collection":[{"href":"https:\/\/casa-vacanze-miro.com\/de\/wp-json\/wp\/v2\/pages"}],"about":[{"href":"https:\/\/casa-vacanze-miro.com\/de\/wp-json\/wp\/v2\/types\/page"}],"author":[{"embeddable":true,"href":"https:\/\/casa-vacanze-miro.com\/de\/wp-json\/wp\/v2\/users\/5"}],"replies":[{"embeddable":true,"href":"https:\/\/casa-vacanze-miro.com\/de\/wp-json\/wp\/v2\/comments?post=19"}],"version-history":[{"count":1,"href":"https:\/\/casa-vacanze-miro.com\/de\/wp-json\/wp\/v2\/pages\/19\/revisions"}],"predecessor-version":[{"id":2495,"href":"https:\/\/casa-vacanze-miro.com\/de\/wp-json\/wp\/v2\/pages\/19\/revisions\/2495"}],"wp:attachment":[{"href":"https:\/\/casa-vacanze-miro.com\/de\/wp-json\/wp\/v2\/media?parent=19"}],"curies":[{"name":"wp","href":"https:\/\/api.w.org\/{rel}","templated":true}]}}