{"id":1917,"date":"2023-09-23T15:33:55","date_gmt":"2023-09-23T15:33:55","guid":{"rendered":"https:\/\/casa-vacanze-miro.com\/?page_id=1917"},"modified":"2025-09-11T10:54:10","modified_gmt":"2025-09-11T08:54:10","slug":"verfuegbarkeit-anfragen","status":"publish","type":"page","link":"https:\/\/casa-vacanze-miro.com\/de\/verfuegbarkeit-anfragen\/","title":{"rendered":"Verf\u00fcgbarkeit anfragen"},"content":{"rendered":"\n<div class=\"wp-block-group has-global-padding is-layout-constrained wp-container-core-group-is-layout-b1fefe26 wp-block-group-is-layout-constrained\">\n<p>Sie k\u00f6nnen uns \u00fcber dieses Formular kontaktieren, um die Verf\u00fcgbarkeit und Preise des <strong>Ferienhauses MiRo in Palermo Sferracavallo<\/strong> zu erfragen. Bitte z\u00f6gern Sie auch nicht, uns zu fragen, wenn Sie Fragen zu unserer Ferienwohnung oder der Umgebung haben.<\/p>\n\n\n\n<p>Wir freuen uns darauf, von Ihnen zu h\u00f6ren.<\/p>\n\n\n\n<div class=\"wp-block-contact-form-7-contact-form-selector\">\n<div class=\"wpcf7 no-js\" id=\"wpcf7-f1902-o1\" lang=\"it-IT\" dir=\"ltr\" data-wpcf7-id=\"1902\">\n<div class=\"screen-reader-response\"><p role=\"status\" aria-live=\"polite\" aria-atomic=\"true\"><\/p> <ul><\/ul><\/div>\n<form action=\"\/de\/wp-json\/wp\/v2\/pages\/1917#wpcf7-f1902-o1\" method=\"post\" class=\"wpcf7-form init\" aria-label=\"Modulo di contatto\" novalidate=\"novalidate\" data-status=\"init\">\n<fieldset class=\"hidden-fields-container\"><input type=\"hidden\" name=\"_wpcf7\" value=\"1902\" \/><input type=\"hidden\" name=\"_wpcf7_version\" value=\"6.1.5\" \/><input type=\"hidden\" name=\"_wpcf7_locale\" value=\"it_IT\" \/><input type=\"hidden\" name=\"_wpcf7_unit_tag\" value=\"wpcf7-f1902-o1\" \/><input type=\"hidden\" name=\"_wpcf7_container_post\" value=\"0\" \/><input type=\"hidden\" name=\"_wpcf7_posted_data_hash\" value=\"\" \/>\n<\/fieldset>\n<p><label for=\"your-name\">Name*<\/label><span class=\"wpcf7-form-control-wrap\" data-name=\"your-name\"><input size=\"40\" maxlength=\"400\" class=\"wpcf7-form-control wpcf7-text wpcf7-validates-as-required\" autocomplete=\"name\" aria-required=\"true\" aria-invalid=\"false\" value=\"\" type=\"text\" name=\"your-name\" \/><\/span>\n<\/p>\n<p><label for=\"your-email\">Email*<\/label><span class=\"wpcf7-form-control-wrap\" data-name=\"your-email\"><input size=\"40\" maxlength=\"400\" class=\"wpcf7-form-control wpcf7-email wpcf7-validates-as-required wpcf7-text wpcf7-validates-as-email\" autocomplete=\"email\" aria-required=\"true\" aria-invalid=\"false\" value=\"\" type=\"email\" name=\"your-email\" \/><\/span>\n<\/p>\n<p><label for=\"phone-number\">Telefon<\/label><span class=\"wpcf7-form-control-wrap\" data-name=\"phone-number\"><input size=\"40\" maxlength=\"400\" class=\"wpcf7-form-control wpcf7-tel wpcf7-text wpcf7-validates-as-tel\" aria-invalid=\"false\" value=\"\" type=\"tel\" name=\"phone-number\" \/><\/span>\n<\/p>\n<p><label for=\"check-in\">Check-in*<\/label><span class=\"wpcf7-form-control-wrap\" data-name=\"check-in\"><input class=\"wpcf7-form-control wpcf7-date wpcf7-validates-as-required wpcf7-validates-as-date\" aria-required=\"true\" aria-invalid=\"false\" value=\"\" type=\"date\" name=\"check-in\" \/><\/span>\n<\/p>\n<p><label for=\"check-out\">Check-out*<\/label><span class=\"wpcf7-form-control-wrap\" data-name=\"check-out\"><input class=\"wpcf7-form-control wpcf7-date wpcf7-validates-as-required wpcf7-validates-as-date\" aria-required=\"true\" aria-invalid=\"false\" value=\"\" type=\"date\" name=\"check-out\" \/><\/span>\n<\/p>\n<p><label for=\"number-people\">Anzahl Personen*<\/label><span class=\"wpcf7-form-control-wrap\" data-name=\"number-people\"><input class=\"wpcf7-form-control wpcf7-number wpcf7-validates-as-required wpcf7-validates-as-number\" aria-required=\"true\" aria-invalid=\"false\" value=\"\" type=\"number\" name=\"number-people\" \/><\/span>\n<\/p>\n<p><label for=\"additional-requests\">Zus\u00e4tzliche Anfragen<\/label><span class=\"wpcf7-form-control-wrap\" data-name=\"additional-requests\"><textarea cols=\"40\" rows=\"10\" maxlength=\"2000\" class=\"wpcf7-form-control wpcf7-textarea\" aria-invalid=\"false\" name=\"additional-requests\"><\/textarea><\/span>\n<\/p>\n<p class=\"submit\"><input class=\"wpcf7-form-control wpcf7-submit has-spinner\" type=\"submit\" value=\"Anfrage abschicken\" \/>\n<\/p>\n<p class=\"description\">* Pflichtfeld\n<input class=\"wpcf7-form-control wpcf7-hidden\" value=\"Verf\u00fcgbarkeit anfragen\" type=\"hidden\" name=\"your-subject\" \/>\n<\/p><p style=\"display: none !important;\" class=\"akismet-fields-container\" data-prefix=\"_wpcf7_ak_\"><label>&#916;<textarea name=\"_wpcf7_ak_hp_textarea\" cols=\"45\" rows=\"8\" maxlength=\"100\"><\/textarea><\/label><input type=\"hidden\" id=\"ak_js_1\" name=\"_wpcf7_ak_js\" value=\"213\"\/><script>\ndocument.getElementById( \"ak_js_1\" ).setAttribute( \"value\", ( new Date() ).getTime() );\n<\/script>\n<\/p><div class=\"wpcf7-response-output\" aria-hidden=\"true\"><\/div>\n<\/form>\n<\/div>\n<\/div>\n<\/div>\n","protected":false},"excerpt":{"rendered":"<p>Sie k\u00f6nnen uns \u00fcber dieses Formular kontaktieren, um die Verf\u00fcgbarkeit und Preise des Ferienhauses MiRo in Palermo Sferracavallo zu erfragen. Bitte z\u00f6gern Sie auch nicht, uns zu fragen, wenn Sie Fragen zu unserer Ferienwohnung oder der Umgebung haben. Wir freuen uns darauf, von Ihnen zu h\u00f6ren.<\/p>\n","protected":false},"author":5,"featured_media":0,"parent":0,"menu_order":4,"comment_status":"closed","ping_status":"closed","template":"","meta":{"footnotes":""},"class_list":["post-1917","page","type-page","status-publish","hentry"],"yoast_head":"<!-- This site is optimized with the Yoast SEO plugin v27.4 - https:\/\/yoast.com\/product\/yoast-seo-wordpress\/ -->\n<title>Verf\u00fcgbarkeit anfragen - Ferienhaus MiRo in Sizilien<\/title>\n<meta name=\"description\" content=\"Sie k\u00f6nnen uns \u00fcber dieses Formular kontaktieren, um Verf\u00fcgbarkeit und Preise zu erfragen. Bitte z\u00f6gern Sie auch nicht, uns zu fragen, ...\" \/>\n<meta name=\"robots\" content=\"index, follow, max-snippet:-1, max-image-preview:large, max-video-preview:-1\" \/>\n<link rel=\"canonical\" href=\"https:\/\/casa-vacanze-miro.com\/de\/verfuegbarkeit-anfragen\/\" \/>\n<meta property=\"og:locale\" content=\"de_DE\" \/>\n<meta property=\"og:type\" content=\"article\" \/>\n<meta property=\"og:title\" content=\"Verf\u00fcgbarkeit anfragen - Ferienhaus MiRo in Sizilien\" \/>\n<meta property=\"og:description\" content=\"Sie k\u00f6nnen uns \u00fcber dieses Formular kontaktieren, um Verf\u00fcgbarkeit und Preise zu erfragen. Bitte z\u00f6gern Sie auch nicht, uns zu fragen, ...\" \/>\n<meta property=\"og:url\" content=\"https:\/\/casa-vacanze-miro.com\/de\/verfuegbarkeit-anfragen\/\" \/>\n<meta property=\"og:site_name\" content=\"Ferienhaus MiRo in Sizilien\" \/>\n<meta property=\"article:modified_time\" content=\"2025-09-11T08:54:10+00:00\" \/>\n<meta name=\"twitter:card\" content=\"summary_large_image\" \/>\n<meta name=\"twitter:label1\" content=\"Gesch\u00e4tzte Lesezeit\" \/>\n\t<meta name=\"twitter:data1\" content=\"1\u00a0Minute\" \/>\n<script type=\"application\/ld+json\" class=\"yoast-schema-graph\">{\"@context\":\"https:\\\/\\\/schema.org\",\"@graph\":[{\"@type\":\"WebPage\",\"@id\":\"https:\\\/\\\/casa-vacanze-miro.com\\\/de\\\/verfuegbarkeit-anfragen\\\/\",\"url\":\"https:\\\/\\\/casa-vacanze-miro.com\\\/de\\\/verfuegbarkeit-anfragen\\\/\",\"name\":\"Verf\u00fcgbarkeit anfragen - Ferienhaus MiRo in Sizilien\",\"isPartOf\":{\"@id\":\"https:\\\/\\\/casa-vacanze-miro.com\\\/de\\\/#website\"},\"datePublished\":\"2023-09-23T15:33:55+00:00\",\"dateModified\":\"2025-09-11T08:54:10+00:00\",\"description\":\"Sie k\u00f6nnen uns \u00fcber dieses Formular kontaktieren, um Verf\u00fcgbarkeit und Preise zu erfragen. Bitte z\u00f6gern Sie auch nicht, uns zu fragen, ...\",\"breadcrumb\":{\"@id\":\"https:\\\/\\\/casa-vacanze-miro.com\\\/de\\\/verfuegbarkeit-anfragen\\\/#breadcrumb\"},\"inLanguage\":\"de\",\"potentialAction\":[{\"@type\":\"ReadAction\",\"target\":[\"https:\\\/\\\/casa-vacanze-miro.com\\\/de\\\/verfuegbarkeit-anfragen\\\/\"]}]},{\"@type\":\"BreadcrumbList\",\"@id\":\"https:\\\/\\\/casa-vacanze-miro.com\\\/de\\\/verfuegbarkeit-anfragen\\\/#breadcrumb\",\"itemListElement\":[{\"@type\":\"ListItem\",\"position\":1,\"name\":\"Home\",\"item\":\"https:\\\/\\\/casa-vacanze-miro.com\\\/de\\\/\"},{\"@type\":\"ListItem\",\"position\":2,\"name\":\"Verf\u00fcgbarkeit anfragen\"}]},{\"@type\":\"WebSite\",\"@id\":\"https:\\\/\\\/casa-vacanze-miro.com\\\/de\\\/#website\",\"url\":\"https:\\\/\\\/casa-vacanze-miro.com\\\/de\\\/\",\"name\":\"Ferienhaus MiRo in Sizilien\",\"description\":\"Urlaub in Palermo und nur ein paar Meter vom Meer entfernt.\",\"publisher\":{\"@id\":\"https:\\\/\\\/casa-vacanze-miro.com\\\/de\\\/#organization\"},\"potentialAction\":[{\"@type\":\"SearchAction\",\"target\":{\"@type\":\"EntryPoint\",\"urlTemplate\":\"https:\\\/\\\/casa-vacanze-miro.com\\\/de\\\/?s={search_term_string}\"},\"query-input\":{\"@type\":\"PropertyValueSpecification\",\"valueRequired\":true,\"valueName\":\"search_term_string\"}}],\"inLanguage\":\"de\"},{\"@type\":\"Organization\",\"@id\":\"https:\\\/\\\/casa-vacanze-miro.com\\\/de\\\/#organization\",\"name\":\"Ferienhaus MiRo in Sizilien\",\"url\":\"https:\\\/\\\/casa-vacanze-miro.com\\\/de\\\/\",\"logo\":{\"@type\":\"ImageObject\",\"inLanguage\":\"de\",\"@id\":\"https:\\\/\\\/casa-vacanze-miro.com\\\/de\\\/#\\\/schema\\\/logo\\\/image\\\/\",\"url\":\"https:\\\/\\\/casa-vacanze-miro.com\\\/de\\\/wp-content\\\/uploads\\\/sites\\\/6\\\/sites\\\/16\\\/2025\\\/03\\\/miro-logo.png\",\"contentUrl\":\"https:\\\/\\\/casa-vacanze-miro.com\\\/de\\\/wp-content\\\/uploads\\\/sites\\\/6\\\/sites\\\/16\\\/2025\\\/03\\\/miro-logo.png\",\"width\":512,\"height\":512,\"caption\":\"Ferienhaus MiRo in Sizilien\"},\"image\":{\"@id\":\"https:\\\/\\\/casa-vacanze-miro.com\\\/de\\\/#\\\/schema\\\/logo\\\/image\\\/\"}}]}<\/script>\n<!-- \/ Yoast SEO plugin. -->","yoast_head_json":{"title":"Verf\u00fcgbarkeit anfragen - Ferienhaus MiRo in Sizilien","description":"Sie k\u00f6nnen uns \u00fcber dieses Formular kontaktieren, um Verf\u00fcgbarkeit und Preise zu erfragen. Bitte z\u00f6gern Sie auch nicht, uns zu fragen, ...","robots":{"index":"index","follow":"follow","max-snippet":"max-snippet:-1","max-image-preview":"max-image-preview:large","max-video-preview":"max-video-preview:-1"},"canonical":"https:\/\/casa-vacanze-miro.com\/de\/verfuegbarkeit-anfragen\/","og_locale":"de_DE","og_type":"article","og_title":"Verf\u00fcgbarkeit anfragen - Ferienhaus MiRo in Sizilien","og_description":"Sie k\u00f6nnen uns \u00fcber dieses Formular kontaktieren, um Verf\u00fcgbarkeit und Preise zu erfragen. Bitte z\u00f6gern Sie auch nicht, uns zu fragen, ...","og_url":"https:\/\/casa-vacanze-miro.com\/de\/verfuegbarkeit-anfragen\/","og_site_name":"Ferienhaus MiRo in Sizilien","article_modified_time":"2025-09-11T08:54:10+00:00","twitter_card":"summary_large_image","twitter_misc":{"Gesch\u00e4tzte Lesezeit":"1\u00a0Minute"},"schema":{"@context":"https:\/\/schema.org","@graph":[{"@type":"WebPage","@id":"https:\/\/casa-vacanze-miro.com\/de\/verfuegbarkeit-anfragen\/","url":"https:\/\/casa-vacanze-miro.com\/de\/verfuegbarkeit-anfragen\/","name":"Verf\u00fcgbarkeit anfragen - Ferienhaus MiRo in Sizilien","isPartOf":{"@id":"https:\/\/casa-vacanze-miro.com\/de\/#website"},"datePublished":"2023-09-23T15:33:55+00:00","dateModified":"2025-09-11T08:54:10+00:00","description":"Sie k\u00f6nnen uns \u00fcber dieses Formular kontaktieren, um Verf\u00fcgbarkeit und Preise zu erfragen. Bitte z\u00f6gern Sie auch nicht, uns zu fragen, ...","breadcrumb":{"@id":"https:\/\/casa-vacanze-miro.com\/de\/verfuegbarkeit-anfragen\/#breadcrumb"},"inLanguage":"de","potentialAction":[{"@type":"ReadAction","target":["https:\/\/casa-vacanze-miro.com\/de\/verfuegbarkeit-anfragen\/"]}]},{"@type":"BreadcrumbList","@id":"https:\/\/casa-vacanze-miro.com\/de\/verfuegbarkeit-anfragen\/#breadcrumb","itemListElement":[{"@type":"ListItem","position":1,"name":"Home","item":"https:\/\/casa-vacanze-miro.com\/de\/"},{"@type":"ListItem","position":2,"name":"Verf\u00fcgbarkeit anfragen"}]},{"@type":"WebSite","@id":"https:\/\/casa-vacanze-miro.com\/de\/#website","url":"https:\/\/casa-vacanze-miro.com\/de\/","name":"Ferienhaus MiRo in Sizilien","description":"Urlaub in Palermo und nur ein paar Meter vom Meer entfernt.","publisher":{"@id":"https:\/\/casa-vacanze-miro.com\/de\/#organization"},"potentialAction":[{"@type":"SearchAction","target":{"@type":"EntryPoint","urlTemplate":"https:\/\/casa-vacanze-miro.com\/de\/?s={search_term_string}"},"query-input":{"@type":"PropertyValueSpecification","valueRequired":true,"valueName":"search_term_string"}}],"inLanguage":"de"},{"@type":"Organization","@id":"https:\/\/casa-vacanze-miro.com\/de\/#organization","name":"Ferienhaus MiRo in Sizilien","url":"https:\/\/casa-vacanze-miro.com\/de\/","logo":{"@type":"ImageObject","inLanguage":"de","@id":"https:\/\/casa-vacanze-miro.com\/de\/#\/schema\/logo\/image\/","url":"https:\/\/casa-vacanze-miro.com\/de\/wp-content\/uploads\/sites\/6\/sites\/16\/2025\/03\/miro-logo.png","contentUrl":"https:\/\/casa-vacanze-miro.com\/de\/wp-content\/uploads\/sites\/6\/sites\/16\/2025\/03\/miro-logo.png","width":512,"height":512,"caption":"Ferienhaus MiRo in Sizilien"},"image":{"@id":"https:\/\/casa-vacanze-miro.com\/de\/#\/schema\/logo\/image\/"}}]}},"_links":{"self":[{"href":"https:\/\/casa-vacanze-miro.com\/de\/wp-json\/wp\/v2\/pages\/1917","targetHints":{"allow":["GET"]}}],"collection":[{"href":"https:\/\/casa-vacanze-miro.com\/de\/wp-json\/wp\/v2\/pages"}],"about":[{"href":"https:\/\/casa-vacanze-miro.com\/de\/wp-json\/wp\/v2\/types\/page"}],"author":[{"embeddable":true,"href":"https:\/\/casa-vacanze-miro.com\/de\/wp-json\/wp\/v2\/users\/5"}],"replies":[{"embeddable":true,"href":"https:\/\/casa-vacanze-miro.com\/de\/wp-json\/wp\/v2\/comments?post=1917"}],"version-history":[{"count":1,"href":"https:\/\/casa-vacanze-miro.com\/de\/wp-json\/wp\/v2\/pages\/1917\/revisions"}],"predecessor-version":[{"id":2499,"href":"https:\/\/casa-vacanze-miro.com\/de\/wp-json\/wp\/v2\/pages\/1917\/revisions\/2499"}],"wp:attachment":[{"href":"https:\/\/casa-vacanze-miro.com\/de\/wp-json\/wp\/v2\/media?parent=1917"}],"curies":[{"name":"wp","href":"https:\/\/api.w.org\/{rel}","templated":true}]}}