{"id":1879,"date":"2023-09-12T19:41:44","date_gmt":"2023-09-12T19:41:44","guid":{"rendered":"https:\/\/casa-vacanze-miro.com\/?page_id=1879"},"modified":"2025-09-11T09:19:58","modified_gmt":"2025-09-11T07:19:58","slug":"localisation","status":"publish","type":"page","link":"https:\/\/casa-vacanze-miro.com\/fr\/information\/localisation\/","title":{"rendered":"Localisation"},"content":{"rendered":"\n<div class=\"wp-block-cover alignfull has-parallax has-xx-large-font-size\"><div class=\"wp-block-cover__image-background wp-image-2160 has-parallax\" style=\"background-position:50% 50%;background-image:url(https:\/\/casa-vacanze-miro.com\/fr\/wp-content\/uploads\/sites\/6\/sites\/18\/2025\/02\/IMG-20240823-WA0011.jpg)\"><\/div><span aria-hidden=\"true\" class=\"wp-block-cover__background has-contrast-background-color has-background-dim-30 has-background-dim\"><\/span><div class=\"wp-block-cover__inner-container has-global-padding is-layout-constrained wp-block-cover-is-layout-constrained\">\n<p class=\"has-text-align-center has-accent-5-color has-text-color has-link-color has-xx-large-font-size wp-elements-970a911213fdcf991bc3a8fe767120f2\">Localisation<\/p>\n\n\n\n<div class=\"wp-block-buttons is-content-justification-center is-layout-flex wp-container-core-buttons-is-layout-a89b3969 wp-block-buttons-is-layout-flex\">\n<div class=\"wp-block-button is-style-outline is-style-outline--1\"><a class=\"wp-block-button__link has-accent-6-background-color has-background has-small-font-size has-custom-font-size wp-element-button\" href=\"https:\/\/casa-vacanze-miro.com\/fr\/demander-la-disponibilite\/\">Demander la disponibilit\u00e9<\/a><\/div>\n<\/div>\n<\/div><\/div>\n\n\n\n<div class=\"wp-block-group has-global-padding is-layout-constrained wp-container-core-group-is-layout-01d2cb6a wp-block-group-is-layout-constrained\">\n<p>La Casa Vacanze MiRo est situ\u00e9 sur la <strong>Via Orazio<\/strong> \u2013 une rue tranquille dans le pittoresque village de p\u00eacheurs de <strong>Sferracavallo<\/strong> \u00e0 Palerme.<\/p>\n\n\n\n<p>Sferracavallo &#8211; l&rsquo;un des hameaux de la ville \u2013 est un point de d\u00e9part strat\u00e9gique pour d\u00e9couvrir les tr\u00e9sors de Palerme, en <strong>\u00e9tant dans la ville mais loin du chaos<\/strong> du centre: id\u00e9al pour ceux qui souhaitent explorer la beaut\u00e9 de la capitale sicilienne sans renoncer \u00e0 la tranquillit\u00e9 et \u00e0 l&rsquo;authenticit\u00e9 d&rsquo;un village baln\u00e9aire.<\/p>\n\n\n\n<iframe loading=\"lazy\" width=\"645\" height=\"450\" style=\"border:0; margin: 1em auto; display: block;\" Loading=\"lazy\" allowfullscreen src=\"https:\/\/www.google.com\/maps\/embed\/v1\/place?q=place_id:ChIJdWGyjh_pGRMRcbgF5Zz4LdY&#038;key=AIzaSyAa6NTAnC3YQL0fSybCnbrOnvpteRcRbGk\"><\/iframe>\n\n\n\n<p class=\"has-medium-font-size\">La maison est strat\u00e9giquement situ\u00e9e entre la place anim\u00e9e et ses renomm\u00e9s restaurants de poissons (\u00e0 5 minutes \u00e0 pied) et le littoral caract\u00e9ristique inclus dans la zone naturelle marine prot\u00e9g\u00e9e <strong>Capo Gallo\/Isola delle Femmine<\/strong> (le premier tron\u00e7on \u00e0 seulement 200 m de la maison).<\/p>\n\n\n\n<p style=\"font-size:clamp(0.875rem, 0.875rem + ((1vw - 0.2rem) * 0.51), 1.2rem);\">Pour les amateurs de longues promenades, il est possible de rejoindre \u00e0 pied la <a href=\"http:\/\/www.riservacapogallo.it\/\">R\u00e9serve Naturelle Orient\u00e9e de Capo Gallo<\/a>, un lieu d\u2019une extraordinaire beaut\u00e9 naturelle ainsi qu\u2019un site d\u2019importance arch\u00e9ologique et pal\u00e9ontologique.<\/p>\n\n\n\n<p style=\"font-size:clamp(0.875rem, 0.875rem + ((1vw - 0.2rem) * 0.51), 1.2rem);\">En cas de r\u00e9servation, nous vous fournirons des informations suppl\u00e9mentaires sur tous les services disponibles dans la r\u00e9gion. Il est \u00e9galement possible de convenir d\u2019une heure d\u2019arriv\u00e9e.<\/p>\n<\/div>\n","protected":false},"excerpt":{"rendered":"<p>La Casa Vacanze MiRo est situ\u00e9 sur la Via Orazio \u2013 une rue tranquille dans le pittoresque village de p\u00eacheurs de Sferracavallo \u00e0 Palerme. Sferracavallo &#8211; l&rsquo;un des hameaux de la ville \u2013 est un point de d\u00e9part strat\u00e9gique pour d\u00e9couvrir les tr\u00e9sors de Palerme, en \u00e9tant dans la ville mais loin du chaos du [&hellip;]<\/p>\n","protected":false},"author":5,"featured_media":2160,"parent":19,"menu_order":1,"comment_status":"closed","ping_status":"closed","template":"page-no-title","meta":{"footnotes":""},"class_list":["post-1879","page","type-page","status-publish","has-post-thumbnail","hentry"],"yoast_head":"<!-- This site is optimized with the Yoast SEO plugin v27.5 - https:\/\/yoast.com\/product\/yoast-seo-wordpress\/ -->\n<title>Localisation - Maison de vacances MiRo<\/title>\n<meta name=\"description\" content=\"La Casa Vacanze MiRo est situ\u00e9 sur la Via Orazio - une rue tranquille dans le pittoresque village de p\u00eacheurs de Sferracavallo \u00e0 Palerme.\" \/>\n<meta name=\"robots\" content=\"index, follow, max-snippet:-1, max-image-preview:large, max-video-preview:-1\" \/>\n<link rel=\"canonical\" href=\"https:\/\/casa-vacanze-miro.com\/fr\/information\/localisation\/\" \/>\n<meta property=\"og:locale\" content=\"fr_FR\" \/>\n<meta property=\"og:type\" content=\"article\" \/>\n<meta property=\"og:title\" content=\"Localisation - Maison de vacances MiRo\" \/>\n<meta property=\"og:description\" content=\"La Casa Vacanze MiRo est situ\u00e9 sur la Via Orazio - une rue tranquille dans le pittoresque village de p\u00eacheurs de Sferracavallo \u00e0 Palerme.\" \/>\n<meta property=\"og:url\" content=\"https:\/\/casa-vacanze-miro.com\/fr\/information\/localisation\/\" \/>\n<meta property=\"og:site_name\" content=\"Maison de vacances MiRo\" \/>\n<meta property=\"article:modified_time\" content=\"2025-09-11T07:19:58+00:00\" \/>\n<meta property=\"og:image\" content=\"https:\/\/casa-vacanze-miro.com\/fr\/wp-content\/uploads\/sites\/6\/sites\/18\/2025\/02\/IMG-20240823-WA0011.jpg\" \/>\n\t<meta property=\"og:image:width\" content=\"2016\" \/>\n\t<meta property=\"og:image:height\" content=\"1134\" \/>\n\t<meta property=\"og:image:type\" content=\"image\/jpeg\" \/>\n<meta name=\"twitter:card\" content=\"summary_large_image\" \/>\n<meta name=\"twitter:label1\" content=\"Dur\u00e9e de lecture estim\u00e9e\" \/>\n\t<meta name=\"twitter:data1\" content=\"2 minutes\" \/>\n<script type=\"application\/ld+json\" class=\"yoast-schema-graph\">{\"@context\":\"https:\\\/\\\/schema.org\",\"@graph\":[{\"@type\":\"WebPage\",\"@id\":\"https:\\\/\\\/casa-vacanze-miro.com\\\/fr\\\/information\\\/localisation\\\/\",\"url\":\"https:\\\/\\\/casa-vacanze-miro.com\\\/fr\\\/information\\\/localisation\\\/\",\"name\":\"Localisation - Maison de vacances MiRo\",\"isPartOf\":{\"@id\":\"https:\\\/\\\/casa-vacanze-miro.com\\\/fr\\\/#website\"},\"primaryImageOfPage\":{\"@id\":\"https:\\\/\\\/casa-vacanze-miro.com\\\/fr\\\/information\\\/localisation\\\/#primaryimage\"},\"image\":{\"@id\":\"https:\\\/\\\/casa-vacanze-miro.com\\\/fr\\\/information\\\/localisation\\\/#primaryimage\"},\"thumbnailUrl\":\"https:\\\/\\\/casa-vacanze-miro.com\\\/fr\\\/wp-content\\\/uploads\\\/sites\\\/6\\\/sites\\\/18\\\/2025\\\/02\\\/IMG-20240823-WA0011.jpg\",\"datePublished\":\"2023-09-12T19:41:44+00:00\",\"dateModified\":\"2025-09-11T07:19:58+00:00\",\"description\":\"La Casa Vacanze MiRo est situ\u00e9 sur la Via Orazio - une rue tranquille dans le pittoresque village de p\u00eacheurs de Sferracavallo \u00e0 Palerme.\",\"breadcrumb\":{\"@id\":\"https:\\\/\\\/casa-vacanze-miro.com\\\/fr\\\/information\\\/localisation\\\/#breadcrumb\"},\"inLanguage\":\"fr-FR\",\"potentialAction\":[{\"@type\":\"ReadAction\",\"target\":[\"https:\\\/\\\/casa-vacanze-miro.com\\\/fr\\\/information\\\/localisation\\\/\"]}]},{\"@type\":\"ImageObject\",\"inLanguage\":\"fr-FR\",\"@id\":\"https:\\\/\\\/casa-vacanze-miro.com\\\/fr\\\/information\\\/localisation\\\/#primaryimage\",\"url\":\"https:\\\/\\\/casa-vacanze-miro.com\\\/fr\\\/wp-content\\\/uploads\\\/sites\\\/6\\\/sites\\\/18\\\/2025\\\/02\\\/IMG-20240823-WA0011.jpg\",\"contentUrl\":\"https:\\\/\\\/casa-vacanze-miro.com\\\/fr\\\/wp-content\\\/uploads\\\/sites\\\/6\\\/sites\\\/18\\\/2025\\\/02\\\/IMG-20240823-WA0011.jpg\",\"width\":2016,\"height\":1134},{\"@type\":\"BreadcrumbList\",\"@id\":\"https:\\\/\\\/casa-vacanze-miro.com\\\/fr\\\/information\\\/localisation\\\/#breadcrumb\",\"itemListElement\":[{\"@type\":\"ListItem\",\"position\":1,\"name\":\"Home\",\"item\":\"https:\\\/\\\/casa-vacanze-miro.com\\\/fr\\\/\"},{\"@type\":\"ListItem\",\"position\":2,\"name\":\"Maison de vacances MiRo\",\"item\":\"https:\\\/\\\/casa-vacanze-miro.com\\\/fr\\\/\"},{\"@type\":\"ListItem\",\"position\":3,\"name\":\"Localisation\"}]},{\"@type\":\"WebSite\",\"@id\":\"https:\\\/\\\/casa-vacanze-miro.com\\\/fr\\\/#website\",\"url\":\"https:\\\/\\\/casa-vacanze-miro.com\\\/fr\\\/\",\"name\":\"Maison de vacances MiRo\",\"description\":\"Pour des vacances \u00e0 Palerme \u00e0 deux pas de la mer.\",\"publisher\":{\"@id\":\"https:\\\/\\\/casa-vacanze-miro.com\\\/fr\\\/#organization\"},\"potentialAction\":[{\"@type\":\"SearchAction\",\"target\":{\"@type\":\"EntryPoint\",\"urlTemplate\":\"https:\\\/\\\/casa-vacanze-miro.com\\\/fr\\\/?s={search_term_string}\"},\"query-input\":{\"@type\":\"PropertyValueSpecification\",\"valueRequired\":true,\"valueName\":\"search_term_string\"}}],\"inLanguage\":\"fr-FR\"},{\"@type\":\"Organization\",\"@id\":\"https:\\\/\\\/casa-vacanze-miro.com\\\/fr\\\/#organization\",\"name\":\"Maison de vacances MiRo\",\"url\":\"https:\\\/\\\/casa-vacanze-miro.com\\\/fr\\\/\",\"logo\":{\"@type\":\"ImageObject\",\"inLanguage\":\"fr-FR\",\"@id\":\"https:\\\/\\\/casa-vacanze-miro.com\\\/fr\\\/#\\\/schema\\\/logo\\\/image\\\/\",\"url\":\"https:\\\/\\\/casa-vacanze-miro.com\\\/fr\\\/wp-content\\\/uploads\\\/sites\\\/6\\\/sites\\\/18\\\/2025\\\/03\\\/miro-logo.png\",\"contentUrl\":\"https:\\\/\\\/casa-vacanze-miro.com\\\/fr\\\/wp-content\\\/uploads\\\/sites\\\/6\\\/sites\\\/18\\\/2025\\\/03\\\/miro-logo.png\",\"width\":512,\"height\":512,\"caption\":\"Maison de vacances MiRo\"},\"image\":{\"@id\":\"https:\\\/\\\/casa-vacanze-miro.com\\\/fr\\\/#\\\/schema\\\/logo\\\/image\\\/\"}}]}<\/script>\n<!-- \/ Yoast SEO plugin. -->","yoast_head_json":{"title":"Localisation - Maison de vacances MiRo","description":"La Casa Vacanze MiRo est situ\u00e9 sur la Via Orazio - une rue tranquille dans le pittoresque village de p\u00eacheurs de Sferracavallo \u00e0 Palerme.","robots":{"index":"index","follow":"follow","max-snippet":"max-snippet:-1","max-image-preview":"max-image-preview:large","max-video-preview":"max-video-preview:-1"},"canonical":"https:\/\/casa-vacanze-miro.com\/fr\/information\/localisation\/","og_locale":"fr_FR","og_type":"article","og_title":"Localisation - Maison de vacances MiRo","og_description":"La Casa Vacanze MiRo est situ\u00e9 sur la Via Orazio - une rue tranquille dans le pittoresque village de p\u00eacheurs de Sferracavallo \u00e0 Palerme.","og_url":"https:\/\/casa-vacanze-miro.com\/fr\/information\/localisation\/","og_site_name":"Maison de vacances MiRo","article_modified_time":"2025-09-11T07:19:58+00:00","og_image":[{"width":2016,"height":1134,"url":"https:\/\/casa-vacanze-miro.com\/fr\/wp-content\/uploads\/sites\/6\/sites\/18\/2025\/02\/IMG-20240823-WA0011.jpg","type":"image\/jpeg"}],"twitter_card":"summary_large_image","twitter_misc":{"Dur\u00e9e de lecture estim\u00e9e":"2 minutes"},"schema":{"@context":"https:\/\/schema.org","@graph":[{"@type":"WebPage","@id":"https:\/\/casa-vacanze-miro.com\/fr\/information\/localisation\/","url":"https:\/\/casa-vacanze-miro.com\/fr\/information\/localisation\/","name":"Localisation - Maison de vacances MiRo","isPartOf":{"@id":"https:\/\/casa-vacanze-miro.com\/fr\/#website"},"primaryImageOfPage":{"@id":"https:\/\/casa-vacanze-miro.com\/fr\/information\/localisation\/#primaryimage"},"image":{"@id":"https:\/\/casa-vacanze-miro.com\/fr\/information\/localisation\/#primaryimage"},"thumbnailUrl":"https:\/\/casa-vacanze-miro.com\/fr\/wp-content\/uploads\/sites\/6\/sites\/18\/2025\/02\/IMG-20240823-WA0011.jpg","datePublished":"2023-09-12T19:41:44+00:00","dateModified":"2025-09-11T07:19:58+00:00","description":"La Casa Vacanze MiRo est situ\u00e9 sur la Via Orazio - une rue tranquille dans le pittoresque village de p\u00eacheurs de Sferracavallo \u00e0 Palerme.","breadcrumb":{"@id":"https:\/\/casa-vacanze-miro.com\/fr\/information\/localisation\/#breadcrumb"},"inLanguage":"fr-FR","potentialAction":[{"@type":"ReadAction","target":["https:\/\/casa-vacanze-miro.com\/fr\/information\/localisation\/"]}]},{"@type":"ImageObject","inLanguage":"fr-FR","@id":"https:\/\/casa-vacanze-miro.com\/fr\/information\/localisation\/#primaryimage","url":"https:\/\/casa-vacanze-miro.com\/fr\/wp-content\/uploads\/sites\/6\/sites\/18\/2025\/02\/IMG-20240823-WA0011.jpg","contentUrl":"https:\/\/casa-vacanze-miro.com\/fr\/wp-content\/uploads\/sites\/6\/sites\/18\/2025\/02\/IMG-20240823-WA0011.jpg","width":2016,"height":1134},{"@type":"BreadcrumbList","@id":"https:\/\/casa-vacanze-miro.com\/fr\/information\/localisation\/#breadcrumb","itemListElement":[{"@type":"ListItem","position":1,"name":"Home","item":"https:\/\/casa-vacanze-miro.com\/fr\/"},{"@type":"ListItem","position":2,"name":"Maison de vacances MiRo","item":"https:\/\/casa-vacanze-miro.com\/fr\/"},{"@type":"ListItem","position":3,"name":"Localisation"}]},{"@type":"WebSite","@id":"https:\/\/casa-vacanze-miro.com\/fr\/#website","url":"https:\/\/casa-vacanze-miro.com\/fr\/","name":"Maison de vacances MiRo","description":"Pour des vacances \u00e0 Palerme \u00e0 deux pas de la mer.","publisher":{"@id":"https:\/\/casa-vacanze-miro.com\/fr\/#organization"},"potentialAction":[{"@type":"SearchAction","target":{"@type":"EntryPoint","urlTemplate":"https:\/\/casa-vacanze-miro.com\/fr\/?s={search_term_string}"},"query-input":{"@type":"PropertyValueSpecification","valueRequired":true,"valueName":"search_term_string"}}],"inLanguage":"fr-FR"},{"@type":"Organization","@id":"https:\/\/casa-vacanze-miro.com\/fr\/#organization","name":"Maison de vacances MiRo","url":"https:\/\/casa-vacanze-miro.com\/fr\/","logo":{"@type":"ImageObject","inLanguage":"fr-FR","@id":"https:\/\/casa-vacanze-miro.com\/fr\/#\/schema\/logo\/image\/","url":"https:\/\/casa-vacanze-miro.com\/fr\/wp-content\/uploads\/sites\/6\/sites\/18\/2025\/03\/miro-logo.png","contentUrl":"https:\/\/casa-vacanze-miro.com\/fr\/wp-content\/uploads\/sites\/6\/sites\/18\/2025\/03\/miro-logo.png","width":512,"height":512,"caption":"Maison de vacances MiRo"},"image":{"@id":"https:\/\/casa-vacanze-miro.com\/fr\/#\/schema\/logo\/image\/"}}]}},"_links":{"self":[{"href":"https:\/\/casa-vacanze-miro.com\/fr\/wp-json\/wp\/v2\/pages\/1879","targetHints":{"allow":["GET"]}}],"collection":[{"href":"https:\/\/casa-vacanze-miro.com\/fr\/wp-json\/wp\/v2\/pages"}],"about":[{"href":"https:\/\/casa-vacanze-miro.com\/fr\/wp-json\/wp\/v2\/types\/page"}],"author":[{"embeddable":true,"href":"https:\/\/casa-vacanze-miro.com\/fr\/wp-json\/wp\/v2\/users\/5"}],"replies":[{"embeddable":true,"href":"https:\/\/casa-vacanze-miro.com\/fr\/wp-json\/wp\/v2\/comments?post=1879"}],"version-history":[{"count":2,"href":"https:\/\/casa-vacanze-miro.com\/fr\/wp-json\/wp\/v2\/pages\/1879\/revisions"}],"predecessor-version":[{"id":2323,"href":"https:\/\/casa-vacanze-miro.com\/fr\/wp-json\/wp\/v2\/pages\/1879\/revisions\/2323"}],"up":[{"embeddable":true,"href":"https:\/\/casa-vacanze-miro.com\/fr\/wp-json\/wp\/v2\/pages\/19"}],"wp:featuredmedia":[{"embeddable":true,"href":"https:\/\/casa-vacanze-miro.com\/fr\/wp-json\/wp\/v2\/media\/2160"}],"wp:attachment":[{"href":"https:\/\/casa-vacanze-miro.com\/fr\/wp-json\/wp\/v2\/media?parent=1879"}],"curies":[{"name":"wp","href":"https:\/\/api.w.org\/{rel}","templated":true}]}}