{"id":19,"date":"2023-06-27T14:27:04","date_gmt":"2023-06-27T14:27:04","guid":{"rendered":"https:\/\/casa-vacanze-miro.com\/?page_id=19"},"modified":"2023-06-27T14:27:04","modified_gmt":"2023-06-27T14:27:04","slug":"information","status":"publish","type":"page","link":"https:\/\/casa-vacanze-miro.com\/fr\/","title":{"rendered":"Maison de vacances MiRo"},"content":{"rendered":"\n<div class=\"wp-block-cover alignfull has-parallax\"><span aria-hidden=\"true\" class=\"wp-block-cover__background has-contrast-background-color has-background-dim-30 has-background-dim\"><\/span><div class=\"wp-block-cover__image-background wp-image-2128 has-parallax\" style=\"background-position:50% 50%;background-image:url(https:\/\/casa-vacanze-miro.com\/fr\/wp-content\/uploads\/sites\/6\/sites\/18\/2025\/02\/IMG_20230819_080134247-scaled-1.jpg)\"><\/div><div class=\"wp-block-cover__inner-container has-global-padding is-layout-constrained wp-block-cover-is-layout-constrained\">\n<p class=\"has-text-align-center is-style-default has-accent-5-color has-text-color has-link-color has-xx-large-font-size wp-elements-f27a0e7387ebd73a7a78b88202955bee\">Maison de vacances MiRo<\/p>\n\n\n\n<p class=\"has-text-align-center\">Pour des vacances \u00e0 Palerme \u00e0 deux pas de la mer.<\/p>\n\n\n\n<div class=\"wp-block-buttons is-content-justification-center is-layout-flex wp-container-core-buttons-is-layout-a89b3969 wp-block-buttons-is-layout-flex\">\n<div class=\"wp-block-button has-custom-font-size is-style-outline has-small-font-size is-style-outline--1\"><a class=\"wp-block-button__link has-accent-6-background-color has-background wp-element-button\" href=\"https:\/\/casa-vacanze-miro.com\/fr\/demander-la-disponibilite\/\">Demander la disponibilit\u00e9<\/a><\/div>\n<\/div>\n<\/div><\/div>\n\n\n\n<div class=\"wp-block-query is-layout-flow wp-block-query-is-layout-flow\"><ul class=\"columns-4 wp-block-post-template is-layout-grid wp-container-core-post-template-is-layout-ad36092a wp-block-post-template-is-layout-grid\"><li class=\"wp-block-post post-1875 page type-page status-publish has-post-thumbnail hentry\">\n\n<div class=\"wp-block-group is-layout-flow wp-block-group-is-layout-flow\" style=\"padding-top:30px;padding-right:30px;padding-bottom:30px;padding-left:30px\"><figure style=\"aspect-ratio:16\/9;\" class=\"wp-block-post-featured-image\"><img loading=\"lazy\" decoding=\"async\" width=\"1600\" height=\"992\" src=\"https:\/\/casa-vacanze-miro.com\/fr\/wp-content\/uploads\/sites\/6\/sites\/18\/2025\/02\/IMG-20240820-WA0009.jpg\" class=\"attachment-post-thumbnail size-post-thumbnail wp-post-image\" alt=\"\" style=\"width:100%;height:100%;object-fit:cover;\" srcset=\"https:\/\/casa-vacanze-miro.com\/fr\/wp-content\/uploads\/sites\/6\/sites\/18\/2025\/02\/IMG-20240820-WA0009.jpg 1600w, https:\/\/casa-vacanze-miro.com\/fr\/wp-content\/uploads\/sites\/6\/sites\/18\/2025\/02\/IMG-20240820-WA0009-300x186.jpg 300w, https:\/\/casa-vacanze-miro.com\/fr\/wp-content\/uploads\/sites\/6\/sites\/18\/2025\/02\/IMG-20240820-WA0009-1024x635.jpg 1024w, https:\/\/casa-vacanze-miro.com\/fr\/wp-content\/uploads\/sites\/6\/sites\/18\/2025\/02\/IMG-20240820-WA0009-768x476.jpg 768w, https:\/\/casa-vacanze-miro.com\/fr\/wp-content\/uploads\/sites\/6\/sites\/18\/2025\/02\/IMG-20240820-WA0009-1536x952.jpg 1536w\" sizes=\"auto, (max-width: 1600px) 100vw, 1600px\" \/><\/figure>\n\n<h2 style=\"font-style:normal;font-weight:400;text-transform:uppercase;\" class=\"has-link-color wp-elements-45e7a7cb54ce62a46de856878909ce3c wp-block-post-title has-text-color has-accent-2-color has-large-font-size\"><a href=\"https:\/\/casa-vacanze-miro.com\/fr\/information\/decouvre-sferracavallo\/\" target=\"_self\" >D\u00e9couvre Palermo &#8211; Sferracavallo<\/a><\/h2>\n\n<div class=\"wp-block-post-excerpt\"><p class=\"wp-block-post-excerpt__excerpt\">Pour nous, Sferracavallo est un peu comme \u2018une petite Sicile\u2019: une combinaison parfaite pour ceux qui aiment les vacances en mer, la nature et les paysages \u00e0 couper le souffle,\u2026 <\/p><\/div><\/div>\n\n<\/li><li class=\"wp-block-post post-1879 page type-page status-publish has-post-thumbnail hentry\">\n\n<div class=\"wp-block-group is-layout-flow wp-block-group-is-layout-flow\" style=\"padding-top:30px;padding-right:30px;padding-bottom:30px;padding-left:30px\"><figure style=\"aspect-ratio:16\/9;\" class=\"wp-block-post-featured-image\"><img loading=\"lazy\" decoding=\"async\" width=\"2016\" height=\"1134\" src=\"https:\/\/casa-vacanze-miro.com\/fr\/wp-content\/uploads\/sites\/6\/sites\/18\/2025\/02\/IMG-20240823-WA0011.jpg\" class=\"attachment-post-thumbnail size-post-thumbnail wp-post-image\" alt=\"\" style=\"width:100%;height:100%;object-fit:cover;\" srcset=\"https:\/\/casa-vacanze-miro.com\/fr\/wp-content\/uploads\/sites\/6\/sites\/18\/2025\/02\/IMG-20240823-WA0011.jpg 2016w, https:\/\/casa-vacanze-miro.com\/fr\/wp-content\/uploads\/sites\/6\/sites\/18\/2025\/02\/IMG-20240823-WA0011-300x169.jpg 300w, https:\/\/casa-vacanze-miro.com\/fr\/wp-content\/uploads\/sites\/6\/sites\/18\/2025\/02\/IMG-20240823-WA0011-1024x576.jpg 1024w, https:\/\/casa-vacanze-miro.com\/fr\/wp-content\/uploads\/sites\/6\/sites\/18\/2025\/02\/IMG-20240823-WA0011-768x432.jpg 768w, https:\/\/casa-vacanze-miro.com\/fr\/wp-content\/uploads\/sites\/6\/sites\/18\/2025\/02\/IMG-20240823-WA0011-1536x864.jpg 1536w\" sizes=\"auto, (max-width: 2016px) 100vw, 2016px\" \/><\/figure>\n\n<h2 style=\"font-style:normal;font-weight:400;text-transform:uppercase;\" class=\"has-link-color wp-elements-45e7a7cb54ce62a46de856878909ce3c wp-block-post-title has-text-color has-accent-2-color has-large-font-size\"><a href=\"https:\/\/casa-vacanze-miro.com\/fr\/information\/localisation\/\" target=\"_self\" >Localisation<\/a><\/h2>\n\n<div class=\"wp-block-post-excerpt\"><p class=\"wp-block-post-excerpt__excerpt\">La Casa Vacanze MiRo est situ\u00e9 sur la Via Orazio \u2013 une rue tranquille dans le pittoresque village de p\u00eacheurs de Sferracavallo \u00e0 Palerme. Sferracavallo &#8211; l&rsquo;un des hameaux de\u2026 <\/p><\/div><\/div>\n\n<\/li><li class=\"wp-block-post post-1877 page type-page status-publish has-post-thumbnail hentry\">\n\n<div class=\"wp-block-group is-layout-flow wp-block-group-is-layout-flow\" style=\"padding-top:30px;padding-right:30px;padding-bottom:30px;padding-left:30px\"><figure style=\"aspect-ratio:16\/9;\" class=\"wp-block-post-featured-image\"><img loading=\"lazy\" decoding=\"async\" width=\"1600\" height=\"720\" src=\"https:\/\/casa-vacanze-miro.com\/fr\/wp-content\/uploads\/sites\/6\/sites\/18\/2023\/09\/IMG-20220729-WA0017-e1694548693340.jpg\" class=\"attachment-post-thumbnail size-post-thumbnail wp-post-image\" alt=\"\" style=\"width:100%;height:100%;object-fit:cover;\" srcset=\"https:\/\/casa-vacanze-miro.com\/fr\/wp-content\/uploads\/sites\/6\/sites\/18\/2023\/09\/IMG-20220729-WA0017-e1694548693340.jpg 1600w, https:\/\/casa-vacanze-miro.com\/fr\/wp-content\/uploads\/sites\/6\/sites\/18\/2023\/09\/IMG-20220729-WA0017-e1694548693340-300x135.jpg 300w, https:\/\/casa-vacanze-miro.com\/fr\/wp-content\/uploads\/sites\/6\/sites\/18\/2023\/09\/IMG-20220729-WA0017-e1694548693340-1024x461.jpg 1024w, https:\/\/casa-vacanze-miro.com\/fr\/wp-content\/uploads\/sites\/6\/sites\/18\/2023\/09\/IMG-20220729-WA0017-e1694548693340-768x346.jpg 768w, https:\/\/casa-vacanze-miro.com\/fr\/wp-content\/uploads\/sites\/6\/sites\/18\/2023\/09\/IMG-20220729-WA0017-e1694548693340-1536x691.jpg 1536w\" sizes=\"auto, (max-width: 1600px) 100vw, 1600px\" \/><\/figure>\n\n<h2 style=\"font-style:normal;font-weight:400;text-transform:uppercase;\" class=\"has-link-color wp-elements-45e7a7cb54ce62a46de856878909ce3c wp-block-post-title has-text-color has-accent-2-color has-large-font-size\"><a href=\"https:\/\/casa-vacanze-miro.com\/fr\/information\/notre-maison\/\" target=\"_self\" >Notre maison<\/a><\/h2>\n\n<div class=\"wp-block-post-excerpt\"><p class=\"wp-block-post-excerpt__excerpt\">Vous trouverez l\u2019entr\u00e9e au rez-de-chauss\u00e9e avec la cuisine qui m\u00e8ne \u00e0 l\u2019espace nuit sur deux niveaux communicants.&nbsp;Id\u00e9ale pour les familles, le rez-de-chauss\u00e9e dispose d\u2019un lit double et d\u2019un canap\u00e9-lit simple.\u2026 <\/p><\/div><\/div>\n\n<\/li><li class=\"wp-block-post post-2264 page type-page status-publish has-post-thumbnail hentry\">\n\n<div class=\"wp-block-group is-layout-flow wp-block-group-is-layout-flow\" style=\"padding-top:30px;padding-right:30px;padding-bottom:30px;padding-left:30px\"><figure style=\"aspect-ratio:16\/9;\" class=\"wp-block-post-featured-image\"><img loading=\"lazy\" decoding=\"async\" width=\"2400\" height=\"1458\" src=\"https:\/\/casa-vacanze-miro.com\/fr\/wp-content\/uploads\/sites\/6\/sites\/18\/2025\/03\/ricardo-gomez-angel-80AA-9ZZW0M-unsplash-1.jpg\" class=\"attachment-post-thumbnail size-post-thumbnail wp-post-image\" alt=\"\" style=\"width:100%;height:100%;object-fit:cover;\" srcset=\"https:\/\/casa-vacanze-miro.com\/fr\/wp-content\/uploads\/sites\/6\/sites\/18\/2025\/03\/ricardo-gomez-angel-80AA-9ZZW0M-unsplash-1.jpg 2400w, https:\/\/casa-vacanze-miro.com\/fr\/wp-content\/uploads\/sites\/6\/sites\/18\/2025\/03\/ricardo-gomez-angel-80AA-9ZZW0M-unsplash-1-300x182.jpg 300w, https:\/\/casa-vacanze-miro.com\/fr\/wp-content\/uploads\/sites\/6\/sites\/18\/2025\/03\/ricardo-gomez-angel-80AA-9ZZW0M-unsplash-1-1024x622.jpg 1024w, https:\/\/casa-vacanze-miro.com\/fr\/wp-content\/uploads\/sites\/6\/sites\/18\/2025\/03\/ricardo-gomez-angel-80AA-9ZZW0M-unsplash-1-768x467.jpg 768w, https:\/\/casa-vacanze-miro.com\/fr\/wp-content\/uploads\/sites\/6\/sites\/18\/2025\/03\/ricardo-gomez-angel-80AA-9ZZW0M-unsplash-1-1536x933.jpg 1536w, https:\/\/casa-vacanze-miro.com\/fr\/wp-content\/uploads\/sites\/6\/sites\/18\/2025\/03\/ricardo-gomez-angel-80AA-9ZZW0M-unsplash-1-2048x1244.jpg 2048w\" sizes=\"auto, (max-width: 2400px) 100vw, 2400px\" \/><\/figure>\n\n<h2 style=\"font-style:normal;font-weight:400;text-transform:uppercase;\" class=\"has-link-color wp-elements-45e7a7cb54ce62a46de856878909ce3c wp-block-post-title has-text-color has-accent-2-color has-large-font-size\"><a href=\"https:\/\/casa-vacanze-miro.com\/fr\/information\/une-journee-a\/\" target=\"_self\" >Une journ\u00e9e \u00e0\u2026<\/a><\/h2>\n\n<div class=\"wp-block-post-excerpt\"><p class=\"wp-block-post-excerpt__excerpt\">Tr\u00e8s bien reli\u00e9 \u00e0 la ville de Palerme et \u00e0 l&rsquo;a\u00e9roport Falcone e Borsellino, Sferracavallo est un point de d\u00e9part id\u00e9al pour des excursions d&rsquo;une journ\u00e9e \u00e0 la d\u00e9couverte des\u2026 <\/p><\/div><\/div>\n\n<\/li><\/ul><\/div>\n","protected":false},"excerpt":{"rendered":"","protected":false},"author":5,"featured_media":2128,"parent":0,"menu_order":0,"comment_status":"closed","ping_status":"closed","template":"page-no-title","meta":{"footnotes":""},"class_list":["post-19","page","type-page","status-publish","has-post-thumbnail","hentry"],"yoast_head":"<!-- This site is optimized with the Yoast SEO plugin v27.4 - https:\/\/yoast.com\/product\/yoast-seo-wordpress\/ -->\n<title>Maison de vacances MiRo - Maison de vacances MiRo<\/title>\n<meta name=\"description\" content=\"La maison de vacances MiRo est situ\u00e9e dans une rue tranquille du pittoresque village de p\u00eacheurs de Sferracavallo, \u00e0 Palerme, en Sicile.\" \/>\n<meta name=\"robots\" content=\"index, follow, max-snippet:-1, max-image-preview:large, max-video-preview:-1\" \/>\n<link rel=\"canonical\" href=\"https:\/\/casa-vacanze-miro.com\/fr\/\" \/>\n<meta property=\"og:locale\" content=\"fr_FR\" \/>\n<meta property=\"og:type\" content=\"article\" \/>\n<meta property=\"og:title\" content=\"Maison de vacances MiRo - Maison de vacances MiRo\" \/>\n<meta property=\"og:description\" content=\"La maison de vacances MiRo est situ\u00e9e dans une rue tranquille du pittoresque village de p\u00eacheurs de Sferracavallo, \u00e0 Palerme, en Sicile.\" \/>\n<meta property=\"og:url\" content=\"https:\/\/casa-vacanze-miro.com\/fr\/\" \/>\n<meta property=\"og:site_name\" content=\"Maison de vacances MiRo\" \/>\n<meta property=\"og:image\" content=\"https:\/\/casa-vacanze-miro.com\/fr\/wp-content\/uploads\/sites\/6\/sites\/18\/2025\/02\/IMG_20230819_080134247-scaled-1.jpg\" \/>\n\t<meta property=\"og:image:width\" content=\"2560\" \/>\n\t<meta property=\"og:image:height\" content=\"1440\" \/>\n\t<meta property=\"og:image:type\" content=\"image\/jpeg\" \/>\n<meta name=\"twitter:card\" content=\"summary_large_image\" \/>\n<meta name=\"twitter:label1\" content=\"Dur\u00e9e de lecture estim\u00e9e\" \/>\n\t<meta name=\"twitter:data1\" content=\"1 minute\" \/>\n<script type=\"application\/ld+json\" class=\"yoast-schema-graph\">{\"@context\":\"https:\\\/\\\/schema.org\",\"@graph\":[{\"@type\":\"WebPage\",\"@id\":\"https:\\\/\\\/casa-vacanze-miro.com\\\/fr\\\/\",\"url\":\"https:\\\/\\\/casa-vacanze-miro.com\\\/fr\\\/\",\"name\":\"Maison de vacances MiRo - Maison de vacances MiRo\",\"isPartOf\":{\"@id\":\"https:\\\/\\\/casa-vacanze-miro.com\\\/fr\\\/#website\"},\"primaryImageOfPage\":{\"@id\":\"https:\\\/\\\/casa-vacanze-miro.com\\\/fr\\\/#primaryimage\"},\"image\":{\"@id\":\"https:\\\/\\\/casa-vacanze-miro.com\\\/fr\\\/#primaryimage\"},\"thumbnailUrl\":\"https:\\\/\\\/casa-vacanze-miro.com\\\/fr\\\/wp-content\\\/uploads\\\/sites\\\/6\\\/sites\\\/18\\\/2025\\\/02\\\/IMG_20230819_080134247-scaled-1.jpg\",\"datePublished\":\"2023-06-27T14:27:04+00:00\",\"description\":\"La maison de vacances MiRo est situ\u00e9e dans une rue tranquille du pittoresque village de p\u00eacheurs de Sferracavallo, \u00e0 Palerme, en Sicile.\",\"breadcrumb\":{\"@id\":\"https:\\\/\\\/casa-vacanze-miro.com\\\/fr\\\/#breadcrumb\"},\"inLanguage\":\"fr-FR\",\"potentialAction\":[{\"@type\":\"ReadAction\",\"target\":[\"https:\\\/\\\/casa-vacanze-miro.com\\\/fr\\\/\"]}]},{\"@type\":\"ImageObject\",\"inLanguage\":\"fr-FR\",\"@id\":\"https:\\\/\\\/casa-vacanze-miro.com\\\/fr\\\/#primaryimage\",\"url\":\"https:\\\/\\\/casa-vacanze-miro.com\\\/fr\\\/wp-content\\\/uploads\\\/sites\\\/6\\\/sites\\\/18\\\/2025\\\/02\\\/IMG_20230819_080134247-scaled-1.jpg\",\"contentUrl\":\"https:\\\/\\\/casa-vacanze-miro.com\\\/fr\\\/wp-content\\\/uploads\\\/sites\\\/6\\\/sites\\\/18\\\/2025\\\/02\\\/IMG_20230819_080134247-scaled-1.jpg\",\"width\":2560,\"height\":1440},{\"@type\":\"BreadcrumbList\",\"@id\":\"https:\\\/\\\/casa-vacanze-miro.com\\\/fr\\\/#breadcrumb\",\"itemListElement\":[{\"@type\":\"ListItem\",\"position\":1,\"name\":\"Home\",\"item\":\"https:\\\/\\\/casa-vacanze-miro.com\\\/fr\\\/\"},{\"@type\":\"ListItem\",\"position\":2,\"name\":\"Maison de vacances MiRo\"}]},{\"@type\":\"WebSite\",\"@id\":\"https:\\\/\\\/casa-vacanze-miro.com\\\/fr\\\/#website\",\"url\":\"https:\\\/\\\/casa-vacanze-miro.com\\\/fr\\\/\",\"name\":\"Maison de vacances MiRo\",\"description\":\"Pour des vacances \u00e0 Palerme \u00e0 deux pas de la mer.\",\"publisher\":{\"@id\":\"https:\\\/\\\/casa-vacanze-miro.com\\\/fr\\\/#organization\"},\"potentialAction\":[{\"@type\":\"SearchAction\",\"target\":{\"@type\":\"EntryPoint\",\"urlTemplate\":\"https:\\\/\\\/casa-vacanze-miro.com\\\/fr\\\/?s={search_term_string}\"},\"query-input\":{\"@type\":\"PropertyValueSpecification\",\"valueRequired\":true,\"valueName\":\"search_term_string\"}}],\"inLanguage\":\"fr-FR\"},{\"@type\":\"Organization\",\"@id\":\"https:\\\/\\\/casa-vacanze-miro.com\\\/fr\\\/#organization\",\"name\":\"Maison de vacances MiRo\",\"url\":\"https:\\\/\\\/casa-vacanze-miro.com\\\/fr\\\/\",\"logo\":{\"@type\":\"ImageObject\",\"inLanguage\":\"fr-FR\",\"@id\":\"https:\\\/\\\/casa-vacanze-miro.com\\\/fr\\\/#\\\/schema\\\/logo\\\/image\\\/\",\"url\":\"https:\\\/\\\/casa-vacanze-miro.com\\\/fr\\\/wp-content\\\/uploads\\\/sites\\\/6\\\/sites\\\/18\\\/2025\\\/03\\\/miro-logo.png\",\"contentUrl\":\"https:\\\/\\\/casa-vacanze-miro.com\\\/fr\\\/wp-content\\\/uploads\\\/sites\\\/6\\\/sites\\\/18\\\/2025\\\/03\\\/miro-logo.png\",\"width\":512,\"height\":512,\"caption\":\"Maison de vacances MiRo\"},\"image\":{\"@id\":\"https:\\\/\\\/casa-vacanze-miro.com\\\/fr\\\/#\\\/schema\\\/logo\\\/image\\\/\"}}]}<\/script>\n<!-- \/ Yoast SEO plugin. -->","yoast_head_json":{"title":"Maison de vacances MiRo - Maison de vacances MiRo","description":"La maison de vacances MiRo est situ\u00e9e dans une rue tranquille du pittoresque village de p\u00eacheurs de Sferracavallo, \u00e0 Palerme, en Sicile.","robots":{"index":"index","follow":"follow","max-snippet":"max-snippet:-1","max-image-preview":"max-image-preview:large","max-video-preview":"max-video-preview:-1"},"canonical":"https:\/\/casa-vacanze-miro.com\/fr\/","og_locale":"fr_FR","og_type":"article","og_title":"Maison de vacances MiRo - Maison de vacances MiRo","og_description":"La maison de vacances MiRo est situ\u00e9e dans une rue tranquille du pittoresque village de p\u00eacheurs de Sferracavallo, \u00e0 Palerme, en Sicile.","og_url":"https:\/\/casa-vacanze-miro.com\/fr\/","og_site_name":"Maison de vacances MiRo","og_image":[{"width":2560,"height":1440,"url":"https:\/\/casa-vacanze-miro.com\/fr\/wp-content\/uploads\/sites\/6\/sites\/18\/2025\/02\/IMG_20230819_080134247-scaled-1.jpg","type":"image\/jpeg"}],"twitter_card":"summary_large_image","twitter_misc":{"Dur\u00e9e de lecture estim\u00e9e":"1 minute"},"schema":{"@context":"https:\/\/schema.org","@graph":[{"@type":"WebPage","@id":"https:\/\/casa-vacanze-miro.com\/fr\/","url":"https:\/\/casa-vacanze-miro.com\/fr\/","name":"Maison de vacances MiRo - Maison de vacances MiRo","isPartOf":{"@id":"https:\/\/casa-vacanze-miro.com\/fr\/#website"},"primaryImageOfPage":{"@id":"https:\/\/casa-vacanze-miro.com\/fr\/#primaryimage"},"image":{"@id":"https:\/\/casa-vacanze-miro.com\/fr\/#primaryimage"},"thumbnailUrl":"https:\/\/casa-vacanze-miro.com\/fr\/wp-content\/uploads\/sites\/6\/sites\/18\/2025\/02\/IMG_20230819_080134247-scaled-1.jpg","datePublished":"2023-06-27T14:27:04+00:00","description":"La maison de vacances MiRo est situ\u00e9e dans une rue tranquille du pittoresque village de p\u00eacheurs de Sferracavallo, \u00e0 Palerme, en Sicile.","breadcrumb":{"@id":"https:\/\/casa-vacanze-miro.com\/fr\/#breadcrumb"},"inLanguage":"fr-FR","potentialAction":[{"@type":"ReadAction","target":["https:\/\/casa-vacanze-miro.com\/fr\/"]}]},{"@type":"ImageObject","inLanguage":"fr-FR","@id":"https:\/\/casa-vacanze-miro.com\/fr\/#primaryimage","url":"https:\/\/casa-vacanze-miro.com\/fr\/wp-content\/uploads\/sites\/6\/sites\/18\/2025\/02\/IMG_20230819_080134247-scaled-1.jpg","contentUrl":"https:\/\/casa-vacanze-miro.com\/fr\/wp-content\/uploads\/sites\/6\/sites\/18\/2025\/02\/IMG_20230819_080134247-scaled-1.jpg","width":2560,"height":1440},{"@type":"BreadcrumbList","@id":"https:\/\/casa-vacanze-miro.com\/fr\/#breadcrumb","itemListElement":[{"@type":"ListItem","position":1,"name":"Home","item":"https:\/\/casa-vacanze-miro.com\/fr\/"},{"@type":"ListItem","position":2,"name":"Maison de vacances MiRo"}]},{"@type":"WebSite","@id":"https:\/\/casa-vacanze-miro.com\/fr\/#website","url":"https:\/\/casa-vacanze-miro.com\/fr\/","name":"Maison de vacances MiRo","description":"Pour des vacances \u00e0 Palerme \u00e0 deux pas de la mer.","publisher":{"@id":"https:\/\/casa-vacanze-miro.com\/fr\/#organization"},"potentialAction":[{"@type":"SearchAction","target":{"@type":"EntryPoint","urlTemplate":"https:\/\/casa-vacanze-miro.com\/fr\/?s={search_term_string}"},"query-input":{"@type":"PropertyValueSpecification","valueRequired":true,"valueName":"search_term_string"}}],"inLanguage":"fr-FR"},{"@type":"Organization","@id":"https:\/\/casa-vacanze-miro.com\/fr\/#organization","name":"Maison de vacances MiRo","url":"https:\/\/casa-vacanze-miro.com\/fr\/","logo":{"@type":"ImageObject","inLanguage":"fr-FR","@id":"https:\/\/casa-vacanze-miro.com\/fr\/#\/schema\/logo\/image\/","url":"https:\/\/casa-vacanze-miro.com\/fr\/wp-content\/uploads\/sites\/6\/sites\/18\/2025\/03\/miro-logo.png","contentUrl":"https:\/\/casa-vacanze-miro.com\/fr\/wp-content\/uploads\/sites\/6\/sites\/18\/2025\/03\/miro-logo.png","width":512,"height":512,"caption":"Maison de vacances MiRo"},"image":{"@id":"https:\/\/casa-vacanze-miro.com\/fr\/#\/schema\/logo\/image\/"}}]}},"_links":{"self":[{"href":"https:\/\/casa-vacanze-miro.com\/fr\/wp-json\/wp\/v2\/pages\/19","targetHints":{"allow":["GET"]}}],"collection":[{"href":"https:\/\/casa-vacanze-miro.com\/fr\/wp-json\/wp\/v2\/pages"}],"about":[{"href":"https:\/\/casa-vacanze-miro.com\/fr\/wp-json\/wp\/v2\/types\/page"}],"author":[{"embeddable":true,"href":"https:\/\/casa-vacanze-miro.com\/fr\/wp-json\/wp\/v2\/users\/5"}],"replies":[{"embeddable":true,"href":"https:\/\/casa-vacanze-miro.com\/fr\/wp-json\/wp\/v2\/comments?post=19"}],"version-history":[{"count":0,"href":"https:\/\/casa-vacanze-miro.com\/fr\/wp-json\/wp\/v2\/pages\/19\/revisions"}],"wp:featuredmedia":[{"embeddable":true,"href":"https:\/\/casa-vacanze-miro.com\/fr\/wp-json\/wp\/v2\/media\/2128"}],"wp:attachment":[{"href":"https:\/\/casa-vacanze-miro.com\/fr\/wp-json\/wp\/v2\/media?parent=19"}],"curies":[{"name":"wp","href":"https:\/\/api.w.org\/{rel}","templated":true}]}}