{"id":1917,"date":"2023-09-23T15:33:55","date_gmt":"2023-09-23T15:33:55","guid":{"rendered":"https:\/\/casa-vacanze-miro.com\/?page_id=1917"},"modified":"2025-09-11T10:55:34","modified_gmt":"2025-09-11T08:55:34","slug":"demander-la-disponibilite","status":"publish","type":"page","link":"https:\/\/casa-vacanze-miro.com\/fr\/demander-la-disponibilite\/","title":{"rendered":"Demander la disponibilit\u00e9"},"content":{"rendered":"\n<div class=\"wp-block-group has-global-padding is-layout-constrained wp-container-core-group-is-layout-b1fefe26 wp-block-group-is-layout-constrained\">\n<p>Vous pouvez nous contacter en utilisant ce formulaire pour v\u00e9rifier la disponibilit\u00e9 et les prix. Nous utilisons d\u2019autres canaux pour les r\u00e9servations, mais nous essayons de maintenir nos meilleurs tarifs disponibles directement sur notre site Internet.<\/p>\n\n\n\n<p>N\u2019h\u00e9sitez pas \u00e0 nous contacter si vous avez des questions concernant notre propri\u00e9t\u00e9 ou la r\u00e9gion.<\/p>\n\n\n\n<p>Nous nous r\u00e9jouissons d\u2019avance de votre visite.<\/p>\n\n\n\n<div class=\"wp-block-contact-form-7-contact-form-selector\">\n<div class=\"wpcf7 no-js\" id=\"wpcf7-f1902-o1\" lang=\"it-IT\" dir=\"ltr\" data-wpcf7-id=\"1902\">\n<div class=\"screen-reader-response\"><p role=\"status\" aria-live=\"polite\" aria-atomic=\"true\"><\/p> <ul><\/ul><\/div>\n<form action=\"\/fr\/wp-json\/wp\/v2\/pages\/1917#wpcf7-f1902-o1\" method=\"post\" class=\"wpcf7-form init\" aria-label=\"Modulo di contatto\" novalidate=\"novalidate\" data-status=\"init\">\n<fieldset class=\"hidden-fields-container\"><input type=\"hidden\" name=\"_wpcf7\" value=\"1902\" \/><input type=\"hidden\" name=\"_wpcf7_version\" value=\"6.1.5\" \/><input type=\"hidden\" name=\"_wpcf7_locale\" value=\"it_IT\" \/><input type=\"hidden\" name=\"_wpcf7_unit_tag\" value=\"wpcf7-f1902-o1\" \/><input type=\"hidden\" name=\"_wpcf7_container_post\" value=\"0\" \/><input type=\"hidden\" name=\"_wpcf7_posted_data_hash\" value=\"\" \/>\n<\/fieldset>\n<p><label for=\"your-name\">Nom*<\/label><span class=\"wpcf7-form-control-wrap\" data-name=\"your-name\"><input size=\"40\" maxlength=\"400\" class=\"wpcf7-form-control wpcf7-text wpcf7-validates-as-required\" autocomplete=\"name\" aria-required=\"true\" aria-invalid=\"false\" value=\"\" type=\"text\" name=\"your-name\" \/><\/span>\n<\/p>\n<p><label for=\"your-email\">Adresse \u00e9lectronique*<\/label><span class=\"wpcf7-form-control-wrap\" data-name=\"your-email\"><input size=\"40\" maxlength=\"400\" class=\"wpcf7-form-control wpcf7-email wpcf7-validates-as-required wpcf7-text wpcf7-validates-as-email\" autocomplete=\"email\" aria-required=\"true\" aria-invalid=\"false\" value=\"\" type=\"email\" name=\"your-email\" \/><\/span>\n<\/p>\n<p><label for=\"phone-number\">T\u00e9l\u00e9phone<\/label><span class=\"wpcf7-form-control-wrap\" data-name=\"phone-number\"><input size=\"40\" maxlength=\"400\" class=\"wpcf7-form-control wpcf7-tel wpcf7-text wpcf7-validates-as-tel\" aria-invalid=\"false\" value=\"\" type=\"tel\" name=\"phone-number\" \/><\/span>\n<\/p>\n<p><label for=\"check-in\">Check-in*<\/label><span class=\"wpcf7-form-control-wrap\" data-name=\"check-in\"><input class=\"wpcf7-form-control wpcf7-date wpcf7-validates-as-required wpcf7-validates-as-date\" aria-required=\"true\" aria-invalid=\"false\" value=\"\" type=\"date\" name=\"check-in\" \/><\/span>\n<\/p>\n<p><label for=\"check-out\">Check-out*<\/label><span class=\"wpcf7-form-control-wrap\" data-name=\"check-out\"><input class=\"wpcf7-form-control wpcf7-date wpcf7-validates-as-required wpcf7-validates-as-date\" aria-required=\"true\" aria-invalid=\"false\" value=\"\" type=\"date\" name=\"check-out\" \/><\/span>\n<\/p>\n<p><label for=\"number-people\">Nombre de personnes*<\/label><span class=\"wpcf7-form-control-wrap\" data-name=\"number-people\"><input class=\"wpcf7-form-control wpcf7-number wpcf7-validates-as-required wpcf7-validates-as-number\" aria-required=\"true\" aria-invalid=\"false\" value=\"\" type=\"number\" name=\"number-people\" \/><\/span>\n<\/p>\n<p><label for=\"additional-requests\">Demandes suppl\u00e9mentaires<\/label><span class=\"wpcf7-form-control-wrap\" data-name=\"additional-requests\"><textarea cols=\"40\" rows=\"10\" maxlength=\"2000\" class=\"wpcf7-form-control wpcf7-textarea\" aria-invalid=\"false\" name=\"additional-requests\"><\/textarea><\/span>\n<\/p>\n<p class=\"submit\"><input class=\"wpcf7-form-control wpcf7-submit has-spinner\" type=\"submit\" value=\"Envoyer la demande\" \/>\n<\/p>\n<p class=\"description\">* Champs obligatoires\n<input class=\"wpcf7-form-control wpcf7-hidden\" value=\"Demande de r\u00e9servation\" type=\"hidden\" name=\"your-subject\" \/>\n<\/p><p style=\"display: none !important;\" class=\"akismet-fields-container\" data-prefix=\"_wpcf7_ak_\"><label>&#916;<textarea name=\"_wpcf7_ak_hp_textarea\" cols=\"45\" rows=\"8\" maxlength=\"100\"><\/textarea><\/label><input type=\"hidden\" id=\"ak_js_1\" name=\"_wpcf7_ak_js\" value=\"39\"\/><script>document.getElementById( \"ak_js_1\" ).setAttribute( \"value\", ( new Date() ).getTime() );<\/script><\/p><div class=\"wpcf7-response-output\" aria-hidden=\"true\"><\/div>\n<\/form>\n<\/div>\n<\/div>\n<\/div>\n","protected":false},"excerpt":{"rendered":"<p>Vous pouvez nous contacter en utilisant ce formulaire pour v\u00e9rifier la disponibilit\u00e9 et les prix. Nous utilisons d\u2019autres canaux pour les r\u00e9servations, mais nous essayons de maintenir nos meilleurs tarifs disponibles directement sur notre site Internet. N\u2019h\u00e9sitez pas \u00e0 nous contacter si vous avez des questions concernant notre propri\u00e9t\u00e9 ou la r\u00e9gion. Nous nous r\u00e9jouissons [&hellip;]<\/p>\n","protected":false},"author":5,"featured_media":0,"parent":0,"menu_order":4,"comment_status":"closed","ping_status":"closed","template":"","meta":{"footnotes":""},"class_list":["post-1917","page","type-page","status-publish","hentry"],"yoast_head":"<!-- This site is optimized with the Yoast SEO plugin v27.4 - https:\/\/yoast.com\/product\/yoast-seo-wordpress\/ -->\n<title>Demander la disponibilit\u00e9 - Maison de vacances MiRo<\/title>\n<meta name=\"robots\" content=\"index, follow, max-snippet:-1, max-image-preview:large, max-video-preview:-1\" \/>\n<link rel=\"canonical\" href=\"https:\/\/casa-vacanze-miro.com\/fr\/demander-la-disponibilite\/\" \/>\n<meta property=\"og:locale\" content=\"fr_FR\" \/>\n<meta property=\"og:type\" content=\"article\" \/>\n<meta property=\"og:title\" content=\"Demander la disponibilit\u00e9 - Maison de vacances MiRo\" \/>\n<meta property=\"og:description\" content=\"Vous pouvez nous contacter en utilisant ce formulaire pour v\u00e9rifier la disponibilit\u00e9 et les prix. Nous utilisons d\u2019autres canaux pour les r\u00e9servations, mais nous essayons de maintenir nos meilleurs tarifs disponibles directement sur notre site Internet. N\u2019h\u00e9sitez pas \u00e0 nous contacter si vous avez des questions concernant notre propri\u00e9t\u00e9 ou la r\u00e9gion. Nous nous r\u00e9jouissons [&hellip;]\" \/>\n<meta property=\"og:url\" content=\"https:\/\/casa-vacanze-miro.com\/fr\/demander-la-disponibilite\/\" \/>\n<meta property=\"og:site_name\" content=\"Maison de vacances MiRo\" \/>\n<meta property=\"article:modified_time\" content=\"2025-09-11T08:55:34+00:00\" \/>\n<meta name=\"twitter:card\" content=\"summary_large_image\" \/>\n<meta name=\"twitter:label1\" content=\"Dur\u00e9e de lecture estim\u00e9e\" \/>\n\t<meta name=\"twitter:data1\" content=\"1 minute\" \/>\n<script type=\"application\/ld+json\" class=\"yoast-schema-graph\">{\"@context\":\"https:\\\/\\\/schema.org\",\"@graph\":[{\"@type\":\"WebPage\",\"@id\":\"https:\\\/\\\/casa-vacanze-miro.com\\\/fr\\\/demander-la-disponibilite\\\/\",\"url\":\"https:\\\/\\\/casa-vacanze-miro.com\\\/fr\\\/demander-la-disponibilite\\\/\",\"name\":\"Demander la disponibilit\u00e9 - Maison de vacances MiRo\",\"isPartOf\":{\"@id\":\"https:\\\/\\\/casa-vacanze-miro.com\\\/fr\\\/#website\"},\"datePublished\":\"2023-09-23T15:33:55+00:00\",\"dateModified\":\"2025-09-11T08:55:34+00:00\",\"breadcrumb\":{\"@id\":\"https:\\\/\\\/casa-vacanze-miro.com\\\/fr\\\/demander-la-disponibilite\\\/#breadcrumb\"},\"inLanguage\":\"fr-FR\",\"potentialAction\":[{\"@type\":\"ReadAction\",\"target\":[\"https:\\\/\\\/casa-vacanze-miro.com\\\/fr\\\/demander-la-disponibilite\\\/\"]}]},{\"@type\":\"BreadcrumbList\",\"@id\":\"https:\\\/\\\/casa-vacanze-miro.com\\\/fr\\\/demander-la-disponibilite\\\/#breadcrumb\",\"itemListElement\":[{\"@type\":\"ListItem\",\"position\":1,\"name\":\"Home\",\"item\":\"https:\\\/\\\/casa-vacanze-miro.com\\\/fr\\\/\"},{\"@type\":\"ListItem\",\"position\":2,\"name\":\"Demander la disponibilit\u00e9\"}]},{\"@type\":\"WebSite\",\"@id\":\"https:\\\/\\\/casa-vacanze-miro.com\\\/fr\\\/#website\",\"url\":\"https:\\\/\\\/casa-vacanze-miro.com\\\/fr\\\/\",\"name\":\"Maison de vacances MiRo\",\"description\":\"Pour des vacances \u00e0 Palerme \u00e0 deux pas de la mer.\",\"publisher\":{\"@id\":\"https:\\\/\\\/casa-vacanze-miro.com\\\/fr\\\/#organization\"},\"potentialAction\":[{\"@type\":\"SearchAction\",\"target\":{\"@type\":\"EntryPoint\",\"urlTemplate\":\"https:\\\/\\\/casa-vacanze-miro.com\\\/fr\\\/?s={search_term_string}\"},\"query-input\":{\"@type\":\"PropertyValueSpecification\",\"valueRequired\":true,\"valueName\":\"search_term_string\"}}],\"inLanguage\":\"fr-FR\"},{\"@type\":\"Organization\",\"@id\":\"https:\\\/\\\/casa-vacanze-miro.com\\\/fr\\\/#organization\",\"name\":\"Maison de vacances MiRo\",\"url\":\"https:\\\/\\\/casa-vacanze-miro.com\\\/fr\\\/\",\"logo\":{\"@type\":\"ImageObject\",\"inLanguage\":\"fr-FR\",\"@id\":\"https:\\\/\\\/casa-vacanze-miro.com\\\/fr\\\/#\\\/schema\\\/logo\\\/image\\\/\",\"url\":\"https:\\\/\\\/casa-vacanze-miro.com\\\/fr\\\/wp-content\\\/uploads\\\/sites\\\/6\\\/sites\\\/18\\\/2025\\\/03\\\/miro-logo.png\",\"contentUrl\":\"https:\\\/\\\/casa-vacanze-miro.com\\\/fr\\\/wp-content\\\/uploads\\\/sites\\\/6\\\/sites\\\/18\\\/2025\\\/03\\\/miro-logo.png\",\"width\":512,\"height\":512,\"caption\":\"Maison de vacances MiRo\"},\"image\":{\"@id\":\"https:\\\/\\\/casa-vacanze-miro.com\\\/fr\\\/#\\\/schema\\\/logo\\\/image\\\/\"}}]}<\/script>\n<!-- \/ Yoast SEO plugin. -->","yoast_head_json":{"title":"Demander la disponibilit\u00e9 - Maison de vacances MiRo","robots":{"index":"index","follow":"follow","max-snippet":"max-snippet:-1","max-image-preview":"max-image-preview:large","max-video-preview":"max-video-preview:-1"},"canonical":"https:\/\/casa-vacanze-miro.com\/fr\/demander-la-disponibilite\/","og_locale":"fr_FR","og_type":"article","og_title":"Demander la disponibilit\u00e9 - Maison de vacances MiRo","og_description":"Vous pouvez nous contacter en utilisant ce formulaire pour v\u00e9rifier la disponibilit\u00e9 et les prix. Nous utilisons d\u2019autres canaux pour les r\u00e9servations, mais nous essayons de maintenir nos meilleurs tarifs disponibles directement sur notre site Internet. N\u2019h\u00e9sitez pas \u00e0 nous contacter si vous avez des questions concernant notre propri\u00e9t\u00e9 ou la r\u00e9gion. Nous nous r\u00e9jouissons [&hellip;]","og_url":"https:\/\/casa-vacanze-miro.com\/fr\/demander-la-disponibilite\/","og_site_name":"Maison de vacances MiRo","article_modified_time":"2025-09-11T08:55:34+00:00","twitter_card":"summary_large_image","twitter_misc":{"Dur\u00e9e de lecture estim\u00e9e":"1 minute"},"schema":{"@context":"https:\/\/schema.org","@graph":[{"@type":"WebPage","@id":"https:\/\/casa-vacanze-miro.com\/fr\/demander-la-disponibilite\/","url":"https:\/\/casa-vacanze-miro.com\/fr\/demander-la-disponibilite\/","name":"Demander la disponibilit\u00e9 - Maison de vacances MiRo","isPartOf":{"@id":"https:\/\/casa-vacanze-miro.com\/fr\/#website"},"datePublished":"2023-09-23T15:33:55+00:00","dateModified":"2025-09-11T08:55:34+00:00","breadcrumb":{"@id":"https:\/\/casa-vacanze-miro.com\/fr\/demander-la-disponibilite\/#breadcrumb"},"inLanguage":"fr-FR","potentialAction":[{"@type":"ReadAction","target":["https:\/\/casa-vacanze-miro.com\/fr\/demander-la-disponibilite\/"]}]},{"@type":"BreadcrumbList","@id":"https:\/\/casa-vacanze-miro.com\/fr\/demander-la-disponibilite\/#breadcrumb","itemListElement":[{"@type":"ListItem","position":1,"name":"Home","item":"https:\/\/casa-vacanze-miro.com\/fr\/"},{"@type":"ListItem","position":2,"name":"Demander la disponibilit\u00e9"}]},{"@type":"WebSite","@id":"https:\/\/casa-vacanze-miro.com\/fr\/#website","url":"https:\/\/casa-vacanze-miro.com\/fr\/","name":"Maison de vacances MiRo","description":"Pour des vacances \u00e0 Palerme \u00e0 deux pas de la mer.","publisher":{"@id":"https:\/\/casa-vacanze-miro.com\/fr\/#organization"},"potentialAction":[{"@type":"SearchAction","target":{"@type":"EntryPoint","urlTemplate":"https:\/\/casa-vacanze-miro.com\/fr\/?s={search_term_string}"},"query-input":{"@type":"PropertyValueSpecification","valueRequired":true,"valueName":"search_term_string"}}],"inLanguage":"fr-FR"},{"@type":"Organization","@id":"https:\/\/casa-vacanze-miro.com\/fr\/#organization","name":"Maison de vacances MiRo","url":"https:\/\/casa-vacanze-miro.com\/fr\/","logo":{"@type":"ImageObject","inLanguage":"fr-FR","@id":"https:\/\/casa-vacanze-miro.com\/fr\/#\/schema\/logo\/image\/","url":"https:\/\/casa-vacanze-miro.com\/fr\/wp-content\/uploads\/sites\/6\/sites\/18\/2025\/03\/miro-logo.png","contentUrl":"https:\/\/casa-vacanze-miro.com\/fr\/wp-content\/uploads\/sites\/6\/sites\/18\/2025\/03\/miro-logo.png","width":512,"height":512,"caption":"Maison de vacances MiRo"},"image":{"@id":"https:\/\/casa-vacanze-miro.com\/fr\/#\/schema\/logo\/image\/"}}]}},"_links":{"self":[{"href":"https:\/\/casa-vacanze-miro.com\/fr\/wp-json\/wp\/v2\/pages\/1917","targetHints":{"allow":["GET"]}}],"collection":[{"href":"https:\/\/casa-vacanze-miro.com\/fr\/wp-json\/wp\/v2\/pages"}],"about":[{"href":"https:\/\/casa-vacanze-miro.com\/fr\/wp-json\/wp\/v2\/types\/page"}],"author":[{"embeddable":true,"href":"https:\/\/casa-vacanze-miro.com\/fr\/wp-json\/wp\/v2\/users\/5"}],"replies":[{"embeddable":true,"href":"https:\/\/casa-vacanze-miro.com\/fr\/wp-json\/wp\/v2\/comments?post=1917"}],"version-history":[{"count":1,"href":"https:\/\/casa-vacanze-miro.com\/fr\/wp-json\/wp\/v2\/pages\/1917\/revisions"}],"predecessor-version":[{"id":2325,"href":"https:\/\/casa-vacanze-miro.com\/fr\/wp-json\/wp\/v2\/pages\/1917\/revisions\/2325"}],"wp:attachment":[{"href":"https:\/\/casa-vacanze-miro.com\/fr\/wp-json\/wp\/v2\/media?parent=1917"}],"curies":[{"name":"wp","href":"https:\/\/api.w.org\/{rel}","templated":true}]}}