{"id":2264,"date":"2025-03-08T12:46:40","date_gmt":"2025-03-08T11:46:40","guid":{"rendered":"https:\/\/casa-vacanze-miro.com\/fr\/?page_id=2264"},"modified":"2025-03-08T12:46:40","modified_gmt":"2025-03-08T11:46:40","slug":"une-journee-a","status":"publish","type":"page","link":"https:\/\/casa-vacanze-miro.com\/fr\/information\/une-journee-a\/","title":{"rendered":"Une journ\u00e9e \u00e0\u2026"},"content":{"rendered":"\n<div class=\"wp-block-cover alignfull has-parallax has-xx-large-font-size\"><div class=\"wp-block-cover__image-background wp-image-2277 has-parallax\" style=\"background-position:50% 50%;background-image:url(https:\/\/casa-vacanze-miro.com\/fr\/wp-content\/uploads\/sites\/6\/sites\/18\/2025\/03\/ricardo-gomez-angel-80AA-9ZZW0M-unsplash-1.jpg)\"><\/div><span aria-hidden=\"true\" class=\"wp-block-cover__background has-contrast-background-color has-background-dim-30 has-background-dim\"><\/span><div class=\"wp-block-cover__inner-container has-global-padding is-layout-constrained wp-block-cover-is-layout-constrained\">\n<p class=\"has-text-align-center has-accent-5-color has-text-color has-link-color has-xx-large-font-size wp-elements-c68a3987fbeb8dd107945684b901574f\">Une journ\u00e9e \u00e0\u2026<\/p>\n\n\n\n<div class=\"wp-block-buttons is-content-justification-center is-layout-flex wp-container-core-buttons-is-layout-a89b3969 wp-block-buttons-is-layout-flex\">\n<div class=\"wp-block-button is-style-outline is-style-outline--1\"><a class=\"wp-block-button__link has-accent-6-background-color has-background has-small-font-size has-custom-font-size wp-element-button\" href=\"https:\/\/casa-vacanze-miro.com\/fr\/demander-la-disponibilite\/\">Demander la disponibilit\u00e9<\/a><\/div>\n<\/div>\n<\/div><\/div>\n\n\n\n<div class=\"wp-block-group has-global-padding is-layout-constrained wp-block-group-is-layout-constrained\">\n<p>Tr\u00e8s bien reli\u00e9 \u00e0 la ville de Palerme et \u00e0 l&rsquo;a\u00e9roport Falcone e Borsellino, Sferracavallo est un point de d\u00e9part id\u00e9al pour des excursions d&rsquo;une journ\u00e9e \u00e0 la d\u00e9couverte des innombrables tr\u00e9sors de cette \u00eele qui ne cesse d&rsquo;enchanter les touristes du monde entier. Si vous disposez de quelques jours de plus pour vos vacances, vous pourrez facilement rejoindre les lieux enchanteurs des provinces de Palerme, Trapani et Agrigente \u00e0 partir de notre maison de jour. Voici quelques-unes des destinations les plus populaires qui peuvent \u00eatre facilement atteintes en une journ\u00e9e d&rsquo;excursion&nbsp;<\/p>\n\n\n\n<p><strong>Cefal\u00f9 (82 km)<\/strong><\/p>\n\n\n\n<p>Cefal\u00f9 est une perle de la c\u00f4te sicilienne, connue pour sa magnifique cath\u00e9drale normande class\u00e9e \u00e0 l\u2019UNESCO et son centre historique aux ruelles pittoresques. Domin\u00e9e par le rocher de la Rocca, la ville offre des vues spectaculaires sur la mer. Son grand plage de sable est parfaite pour la baignade et le farniente. En soir\u00e9e, le front de mer et les charmantes trattorias du centre invitent \u00e0 d\u00e9guster une cuisine sicilienne authentique dans un cadre enchanteur.<\/p>\n\n\n\n<hr class=\"wp-block-separator has-alpha-channel-opacity\" \/>\n\n\n\n<p><strong>San Vito Lo Capo (96 km)<\/strong><\/p>\n\n\n\n<p>San Vito Lo Capo est une station baln\u00e9aire de r\u00eave, c\u00e9l\u00e8bre pour sa plage de sable blanc et ses eaux cristallines qui rappellent les Cara\u00efbes. Le village, avec son ambiance d\u00e9tendue, est aussi connu pour le Cous Cous Fest, un festival c\u00e9l\u00e9brant les saveurs m\u00e9diterran\u00e9ennes. \u00c0 proximit\u00e9, la r\u00e9serve naturelle du Zingaro offre des sentiers de randonn\u00e9e avec des criques aux eaux limpides, parfaites pour les amateurs de nature et de paysages spectaculaires.<\/p>\n\n\n\n<hr class=\"wp-block-separator has-alpha-channel-opacity\" \/>\n\n\n\n<p><strong>Erice (104 km)<\/strong><\/p>\n\n\n\n<p>Perch\u00e9e sur une montagne surplombant Trapani, Erice est une ville m\u00e9di\u00e9vale pleine de charme. Ses ruelles pav\u00e9es, ses \u00e9glises anciennes et son ch\u00e2teau offrent un voyage dans le temps. Le panorama depuis les remparts est \u00e0 couper le souffle, avec une vue imprenable sur la mer et les \u00eeles \u00c9gades. Ne manquez pas de go\u00fbter aux d\u00e9licieuses p\u00e2tisseries aux amandes d\u2019Erice, une sp\u00e9cialit\u00e9 locale incontournable.<\/p>\n\n\n\n<hr class=\"wp-block-separator has-alpha-channel-opacity\" \/>\n\n\n\n<p><strong>Trapani (93 km)<\/strong><\/p>\n\n\n\n<p>Trapani, surnomm\u00e9e \u00ab la ville entre deux mers \u00bb, s\u00e9duit par son centre historique, ses palais baroques et sa promenade maritime. Connue pour ses marais salants, o\u00f9 d\u2019anciens moulins \u00e0 vent cr\u00e9ent un paysage pittoresque, elle est aussi le point de d\u00e9part id\u00e9al pour rejoindre les \u00eeles \u00c9gades ou monter \u00e0 Erice en t\u00e9l\u00e9ph\u00e9rique. La cuisine locale met \u00e0 l\u2019honneur le poisson et les saveurs arabes, comme le couscous de la mer, un plat typique de la r\u00e9gion.<\/p>\n\n\n\n<hr class=\"wp-block-separator has-alpha-channel-opacity\" \/>\n\n\n\n<p><strong>Marsala (112 km)<\/strong><\/p>\n\n\n\n<p>Marsala est mondialement connue pour son vin du m\u00eame nom, que l\u2019on peut d\u00e9guster dans les caves historiques de la ville. Mais son v\u00e9ritable tr\u00e9sor r\u00e9side dans les salines du Stagnone, o\u00f9 les bassins roses et les moulins \u00e0 vent cr\u00e9ent un paysage magique, surtout au coucher du soleil. La r\u00e9gion est aussi un paradis pour les amateurs de nature et de kitesurf gr\u00e2ce aux conditions id\u00e9ales offertes par la lagune.<\/p>\n\n\n\n<hr class=\"wp-block-separator has-alpha-channel-opacity\" \/>\n\n\n\n<p><strong>Mozia (112 km)<\/strong><\/p>\n\n\n\n<p>L\u2019\u00eele de Mozia, situ\u00e9e dans la lagune de Marsala, est un site arch\u00e9ologique fascinant datant de l\u2019\u00e9poque ph\u00e9nicienne. Accessible en bateau, elle abrite des vestiges antiques, dont la c\u00e9l\u00e8bre statue du \u00ab Jeune de Mozia \u00bb, ainsi que des sentiers offrant une vue splendide sur les marais salants. C\u2019est une excursion id\u00e9ale pour les passionn\u00e9s d\u2019histoire et les amoureux de nature.<\/p>\n\n\n\n<hr class=\"wp-block-separator has-alpha-channel-opacity\" \/>\n\n\n\n<p><strong>Scopello (64 km)<\/strong><\/p>\n\n\n\n<p>Scopello est un village c\u00f4tier plein de charme, connu pour sa magnifique Tonnara et ses faraglioni, ces formations rocheuses spectaculaires qui plongent dans une mer cristalline. Ce lieu est parfait pour la plong\u00e9e et le snorkeling. \u00c0 quelques kilom\u00e8tres, la r\u00e9serve naturelle du Zingaro offre des sentiers de randonn\u00e9e bord\u00e9s d\u2019une v\u00e9g\u00e9tation luxuriante et des criques sauvages aux eaux turquoise.<\/p>\n\n\n\n<hr class=\"wp-block-separator has-alpha-channel-opacity\" \/>\n\n\n\n<p><strong>Agrigento (143 km)<\/strong><br>Agrigente est une ville riche en histoire, c\u00e9l\u00e8bre pour la Vall\u00e9e des Temples, un site de l&rsquo;UNESCO d&rsquo;une extraordinaire beaut\u00e9. Les temples doriques, dont le c\u00e9l\u00e8bre temple de Concordia, sont parmi les mieux conserv\u00e9s au monde. Outre la zone arch\u00e9ologique, le centre historique offre des ruelles fascinantes et des \u00e9glises baroques. \u00c0 quelques kilom\u00e8tres, la Scala dei Turchi offre un spectacle naturel unique avec ses falaises blanches surplombant la mer. Agrigente est un lieu incontournable pour les amoureux de la culture et de la nature.<\/p>\n\n\n\n<hr class=\"wp-block-separator has-alpha-channel-opacity\" \/>\n\n\n\n<p><strong>Selinunte (106 km)<\/strong><\/p>\n\n\n\n<p>Selinunte abrite l\u2019un des plus vastes sites arch\u00e9ologiques d\u2019Europe, o\u00f9 les vestiges de temples grecs imposants se dressent face \u00e0 la mer. Une promenade \u00e0 travers ces ruines majestueuses permet de revivre la grandeur de la Gr\u00e8ce antique. Apr\u00e8s la visite, les plages environnantes offrent un cadre id\u00e9al pour se d\u00e9tendre. Selinunte est un v\u00e9ritable joyau pour les amateurs d\u2019histoire et de paysages m\u00e9diterran\u00e9ens.<\/p>\n\n\n\n<hr class=\"wp-block-separator has-alpha-channel-opacity\" \/>\n\n\n\n<p><strong>Monreale (24 km)<\/strong><\/p>\n\n\n\n<p>\u00c0 quelques minutes en voiture de notre maison de vacances et du centre-ville de Palerme, vous trouverez l&rsquo;\u00e9poustouflante cath\u00e9drale de Monreale, l&rsquo;un des monuments les plus c\u00e9l\u00e8bres de Sicile. R\u00e9put\u00e9e pour ses incroyables mosa\u00efques qui recouvrent ses murs int\u00e9rieurs, la cath\u00e9drale est un v\u00e9ritable chef-d&rsquo;\u0153uvre de l&rsquo;art et de l&rsquo;architecture byzantine. Que vous exploriez la cath\u00e9drale elle-m\u00eame ou profitiez du calme de son environnement, c&rsquo;est une destination incontournable qui capture l&rsquo;essence de la culture et de l&rsquo;artisanat siciliens.<\/p>\n\n\n\n<p><\/p>\n\n\n\n<p><strong>Bagheria (33 km)<\/strong><\/p>\n\n\n\n<p>Bagheria, surnomm\u00e9e la \u00ab ville des villas \u00bb, est c\u00e9l\u00e8bre pour ses somptueux palais baroques, dont la Villa Palagonia, orn\u00e9e de statues grotesques. Ancienne r\u00e9sidence d\u2019\u00e9t\u00e9 de l\u2019aristocratie palermitaine, la ville poss\u00e8de aujourd\u2019hui une riche sc\u00e8ne culturelle. Le mus\u00e9e Guttuso expose les \u0153uvres du c\u00e9l\u00e8bre peintre sicilien. Bagheria est aussi r\u00e9put\u00e9e pour sa gastronomie, notamment son \u00ab sfincione bagherese \u00bb, une savoureuse variante de la pizza sicilienne.<\/p>\n\n\n\n<hr class=\"wp-block-separator has-alpha-channel-opacity\" \/>\n\n\n\n<p><strong>Piazza Armerina (176 km)<\/strong><\/p>\n\n\n\n<p>Piazza Armerina est connue pour la Villa Romana del Casale, class\u00e9e \u00e0 l\u2019UNESCO. Ses mosa\u00efques exceptionnelles, parmi les mieux conserv\u00e9es au monde, illustrent des sc\u00e8nes de la vie romaine antique, y compris les c\u00e9l\u00e8bres \u00ab filles en bikini \u00bb. Le centre historique de la ville, avec ses \u00e9glises et ses palais, vaut \u00e9galement le d\u00e9tour. Nich\u00e9e au c\u0153ur de la Sicile, Piazza Armerina est une destination id\u00e9ale pour les passionn\u00e9s d\u2019histoire et de culture.<\/p>\n<\/div>\n","protected":false},"excerpt":{"rendered":"<p>Tr\u00e8s bien reli\u00e9 \u00e0 la ville de Palerme et \u00e0 l&rsquo;a\u00e9roport Falcone e Borsellino, Sferracavallo est un point de d\u00e9part id\u00e9al pour des excursions d&rsquo;une journ\u00e9e \u00e0 la d\u00e9couverte des innombrables tr\u00e9sors de cette \u00eele qui ne cesse d&rsquo;enchanter les touristes du monde entier. Si vous disposez de quelques jours de plus pour vos vacances, [&hellip;]<\/p>\n","protected":false},"author":2,"featured_media":2277,"parent":19,"menu_order":4,"comment_status":"closed","ping_status":"closed","template":"page-no-title","meta":{"footnotes":""},"class_list":["post-2264","page","type-page","status-publish","has-post-thumbnail","hentry"],"yoast_head":"<!-- This site is optimized with the Yoast SEO plugin v27.4 - https:\/\/yoast.com\/product\/yoast-seo-wordpress\/ -->\n<title>Une journ\u00e9e \u00e0\u2026 - Maison de vacances MiRo<\/title>\n<meta name=\"robots\" content=\"index, follow, max-snippet:-1, max-image-preview:large, max-video-preview:-1\" \/>\n<link rel=\"canonical\" href=\"https:\/\/casa-vacanze-miro.com\/fr\/information\/une-journee-a\/\" \/>\n<meta property=\"og:locale\" content=\"fr_FR\" \/>\n<meta property=\"og:type\" content=\"article\" \/>\n<meta property=\"og:title\" content=\"Une journ\u00e9e \u00e0\u2026 - Maison de vacances MiRo\" \/>\n<meta property=\"og:description\" content=\"Tr\u00e8s bien reli\u00e9 \u00e0 la ville de Palerme et \u00e0 l&rsquo;a\u00e9roport Falcone e Borsellino, Sferracavallo est un point de d\u00e9part id\u00e9al pour des excursions d&rsquo;une journ\u00e9e \u00e0 la d\u00e9couverte des innombrables tr\u00e9sors de cette \u00eele qui ne cesse d&rsquo;enchanter les touristes du monde entier. Si vous disposez de quelques jours de plus pour vos vacances, [&hellip;]\" \/>\n<meta property=\"og:url\" content=\"https:\/\/casa-vacanze-miro.com\/fr\/information\/une-journee-a\/\" \/>\n<meta property=\"og:site_name\" content=\"Maison de vacances MiRo\" \/>\n<meta property=\"og:image\" content=\"https:\/\/casa-vacanze-miro.com\/fr\/wp-content\/uploads\/sites\/6\/sites\/18\/2025\/03\/ricardo-gomez-angel-80AA-9ZZW0M-unsplash-1.jpg\" \/>\n\t<meta property=\"og:image:width\" content=\"2400\" \/>\n\t<meta property=\"og:image:height\" content=\"1458\" \/>\n\t<meta property=\"og:image:type\" content=\"image\/jpeg\" \/>\n<meta name=\"twitter:card\" content=\"summary_large_image\" \/>\n<meta name=\"twitter:label1\" content=\"Dur\u00e9e de lecture estim\u00e9e\" \/>\n\t<meta name=\"twitter:data1\" content=\"6 minutes\" \/>\n<script type=\"application\/ld+json\" class=\"yoast-schema-graph\">{\"@context\":\"https:\\\/\\\/schema.org\",\"@graph\":[{\"@type\":\"WebPage\",\"@id\":\"https:\\\/\\\/casa-vacanze-miro.com\\\/fr\\\/information\\\/une-journee-a\\\/\",\"url\":\"https:\\\/\\\/casa-vacanze-miro.com\\\/fr\\\/information\\\/une-journee-a\\\/\",\"name\":\"Une journ\u00e9e \u00e0\u2026 - Maison de vacances MiRo\",\"isPartOf\":{\"@id\":\"https:\\\/\\\/casa-vacanze-miro.com\\\/fr\\\/#website\"},\"primaryImageOfPage\":{\"@id\":\"https:\\\/\\\/casa-vacanze-miro.com\\\/fr\\\/information\\\/une-journee-a\\\/#primaryimage\"},\"image\":{\"@id\":\"https:\\\/\\\/casa-vacanze-miro.com\\\/fr\\\/information\\\/une-journee-a\\\/#primaryimage\"},\"thumbnailUrl\":\"https:\\\/\\\/casa-vacanze-miro.com\\\/fr\\\/wp-content\\\/uploads\\\/sites\\\/6\\\/sites\\\/18\\\/2025\\\/03\\\/ricardo-gomez-angel-80AA-9ZZW0M-unsplash-1.jpg\",\"datePublished\":\"2025-03-08T11:46:40+00:00\",\"breadcrumb\":{\"@id\":\"https:\\\/\\\/casa-vacanze-miro.com\\\/fr\\\/information\\\/une-journee-a\\\/#breadcrumb\"},\"inLanguage\":\"fr-FR\",\"potentialAction\":[{\"@type\":\"ReadAction\",\"target\":[\"https:\\\/\\\/casa-vacanze-miro.com\\\/fr\\\/information\\\/une-journee-a\\\/\"]}]},{\"@type\":\"ImageObject\",\"inLanguage\":\"fr-FR\",\"@id\":\"https:\\\/\\\/casa-vacanze-miro.com\\\/fr\\\/information\\\/une-journee-a\\\/#primaryimage\",\"url\":\"https:\\\/\\\/casa-vacanze-miro.com\\\/fr\\\/wp-content\\\/uploads\\\/sites\\\/6\\\/sites\\\/18\\\/2025\\\/03\\\/ricardo-gomez-angel-80AA-9ZZW0M-unsplash-1.jpg\",\"contentUrl\":\"https:\\\/\\\/casa-vacanze-miro.com\\\/fr\\\/wp-content\\\/uploads\\\/sites\\\/6\\\/sites\\\/18\\\/2025\\\/03\\\/ricardo-gomez-angel-80AA-9ZZW0M-unsplash-1.jpg\",\"width\":2400,\"height\":1458},{\"@type\":\"BreadcrumbList\",\"@id\":\"https:\\\/\\\/casa-vacanze-miro.com\\\/fr\\\/information\\\/une-journee-a\\\/#breadcrumb\",\"itemListElement\":[{\"@type\":\"ListItem\",\"position\":1,\"name\":\"Home\",\"item\":\"https:\\\/\\\/casa-vacanze-miro.com\\\/fr\\\/\"},{\"@type\":\"ListItem\",\"position\":2,\"name\":\"Maison de vacances MiRo\",\"item\":\"https:\\\/\\\/casa-vacanze-miro.com\\\/fr\\\/\"},{\"@type\":\"ListItem\",\"position\":3,\"name\":\"Une journ\u00e9e \u00e0\u2026\"}]},{\"@type\":\"WebSite\",\"@id\":\"https:\\\/\\\/casa-vacanze-miro.com\\\/fr\\\/#website\",\"url\":\"https:\\\/\\\/casa-vacanze-miro.com\\\/fr\\\/\",\"name\":\"Maison de vacances MiRo\",\"description\":\"Pour des vacances \u00e0 Palerme \u00e0 deux pas de la mer.\",\"publisher\":{\"@id\":\"https:\\\/\\\/casa-vacanze-miro.com\\\/fr\\\/#organization\"},\"potentialAction\":[{\"@type\":\"SearchAction\",\"target\":{\"@type\":\"EntryPoint\",\"urlTemplate\":\"https:\\\/\\\/casa-vacanze-miro.com\\\/fr\\\/?s={search_term_string}\"},\"query-input\":{\"@type\":\"PropertyValueSpecification\",\"valueRequired\":true,\"valueName\":\"search_term_string\"}}],\"inLanguage\":\"fr-FR\"},{\"@type\":\"Organization\",\"@id\":\"https:\\\/\\\/casa-vacanze-miro.com\\\/fr\\\/#organization\",\"name\":\"Maison de vacances MiRo\",\"url\":\"https:\\\/\\\/casa-vacanze-miro.com\\\/fr\\\/\",\"logo\":{\"@type\":\"ImageObject\",\"inLanguage\":\"fr-FR\",\"@id\":\"https:\\\/\\\/casa-vacanze-miro.com\\\/fr\\\/#\\\/schema\\\/logo\\\/image\\\/\",\"url\":\"https:\\\/\\\/casa-vacanze-miro.com\\\/fr\\\/wp-content\\\/uploads\\\/sites\\\/6\\\/sites\\\/18\\\/2025\\\/03\\\/miro-logo.png\",\"contentUrl\":\"https:\\\/\\\/casa-vacanze-miro.com\\\/fr\\\/wp-content\\\/uploads\\\/sites\\\/6\\\/sites\\\/18\\\/2025\\\/03\\\/miro-logo.png\",\"width\":512,\"height\":512,\"caption\":\"Maison de vacances MiRo\"},\"image\":{\"@id\":\"https:\\\/\\\/casa-vacanze-miro.com\\\/fr\\\/#\\\/schema\\\/logo\\\/image\\\/\"}}]}<\/script>\n<!-- \/ Yoast SEO plugin. -->","yoast_head_json":{"title":"Une journ\u00e9e \u00e0\u2026 - Maison de vacances MiRo","robots":{"index":"index","follow":"follow","max-snippet":"max-snippet:-1","max-image-preview":"max-image-preview:large","max-video-preview":"max-video-preview:-1"},"canonical":"https:\/\/casa-vacanze-miro.com\/fr\/information\/une-journee-a\/","og_locale":"fr_FR","og_type":"article","og_title":"Une journ\u00e9e \u00e0\u2026 - Maison de vacances MiRo","og_description":"Tr\u00e8s bien reli\u00e9 \u00e0 la ville de Palerme et \u00e0 l&rsquo;a\u00e9roport Falcone e Borsellino, Sferracavallo est un point de d\u00e9part id\u00e9al pour des excursions d&rsquo;une journ\u00e9e \u00e0 la d\u00e9couverte des innombrables tr\u00e9sors de cette \u00eele qui ne cesse d&rsquo;enchanter les touristes du monde entier. Si vous disposez de quelques jours de plus pour vos vacances, [&hellip;]","og_url":"https:\/\/casa-vacanze-miro.com\/fr\/information\/une-journee-a\/","og_site_name":"Maison de vacances MiRo","og_image":[{"width":2400,"height":1458,"url":"https:\/\/casa-vacanze-miro.com\/fr\/wp-content\/uploads\/sites\/6\/sites\/18\/2025\/03\/ricardo-gomez-angel-80AA-9ZZW0M-unsplash-1.jpg","type":"image\/jpeg"}],"twitter_card":"summary_large_image","twitter_misc":{"Dur\u00e9e de lecture estim\u00e9e":"6 minutes"},"schema":{"@context":"https:\/\/schema.org","@graph":[{"@type":"WebPage","@id":"https:\/\/casa-vacanze-miro.com\/fr\/information\/une-journee-a\/","url":"https:\/\/casa-vacanze-miro.com\/fr\/information\/une-journee-a\/","name":"Une journ\u00e9e \u00e0\u2026 - Maison de vacances MiRo","isPartOf":{"@id":"https:\/\/casa-vacanze-miro.com\/fr\/#website"},"primaryImageOfPage":{"@id":"https:\/\/casa-vacanze-miro.com\/fr\/information\/une-journee-a\/#primaryimage"},"image":{"@id":"https:\/\/casa-vacanze-miro.com\/fr\/information\/une-journee-a\/#primaryimage"},"thumbnailUrl":"https:\/\/casa-vacanze-miro.com\/fr\/wp-content\/uploads\/sites\/6\/sites\/18\/2025\/03\/ricardo-gomez-angel-80AA-9ZZW0M-unsplash-1.jpg","datePublished":"2025-03-08T11:46:40+00:00","breadcrumb":{"@id":"https:\/\/casa-vacanze-miro.com\/fr\/information\/une-journee-a\/#breadcrumb"},"inLanguage":"fr-FR","potentialAction":[{"@type":"ReadAction","target":["https:\/\/casa-vacanze-miro.com\/fr\/information\/une-journee-a\/"]}]},{"@type":"ImageObject","inLanguage":"fr-FR","@id":"https:\/\/casa-vacanze-miro.com\/fr\/information\/une-journee-a\/#primaryimage","url":"https:\/\/casa-vacanze-miro.com\/fr\/wp-content\/uploads\/sites\/6\/sites\/18\/2025\/03\/ricardo-gomez-angel-80AA-9ZZW0M-unsplash-1.jpg","contentUrl":"https:\/\/casa-vacanze-miro.com\/fr\/wp-content\/uploads\/sites\/6\/sites\/18\/2025\/03\/ricardo-gomez-angel-80AA-9ZZW0M-unsplash-1.jpg","width":2400,"height":1458},{"@type":"BreadcrumbList","@id":"https:\/\/casa-vacanze-miro.com\/fr\/information\/une-journee-a\/#breadcrumb","itemListElement":[{"@type":"ListItem","position":1,"name":"Home","item":"https:\/\/casa-vacanze-miro.com\/fr\/"},{"@type":"ListItem","position":2,"name":"Maison de vacances MiRo","item":"https:\/\/casa-vacanze-miro.com\/fr\/"},{"@type":"ListItem","position":3,"name":"Une journ\u00e9e \u00e0\u2026"}]},{"@type":"WebSite","@id":"https:\/\/casa-vacanze-miro.com\/fr\/#website","url":"https:\/\/casa-vacanze-miro.com\/fr\/","name":"Maison de vacances MiRo","description":"Pour des vacances \u00e0 Palerme \u00e0 deux pas de la mer.","publisher":{"@id":"https:\/\/casa-vacanze-miro.com\/fr\/#organization"},"potentialAction":[{"@type":"SearchAction","target":{"@type":"EntryPoint","urlTemplate":"https:\/\/casa-vacanze-miro.com\/fr\/?s={search_term_string}"},"query-input":{"@type":"PropertyValueSpecification","valueRequired":true,"valueName":"search_term_string"}}],"inLanguage":"fr-FR"},{"@type":"Organization","@id":"https:\/\/casa-vacanze-miro.com\/fr\/#organization","name":"Maison de vacances MiRo","url":"https:\/\/casa-vacanze-miro.com\/fr\/","logo":{"@type":"ImageObject","inLanguage":"fr-FR","@id":"https:\/\/casa-vacanze-miro.com\/fr\/#\/schema\/logo\/image\/","url":"https:\/\/casa-vacanze-miro.com\/fr\/wp-content\/uploads\/sites\/6\/sites\/18\/2025\/03\/miro-logo.png","contentUrl":"https:\/\/casa-vacanze-miro.com\/fr\/wp-content\/uploads\/sites\/6\/sites\/18\/2025\/03\/miro-logo.png","width":512,"height":512,"caption":"Maison de vacances MiRo"},"image":{"@id":"https:\/\/casa-vacanze-miro.com\/fr\/#\/schema\/logo\/image\/"}}]}},"_links":{"self":[{"href":"https:\/\/casa-vacanze-miro.com\/fr\/wp-json\/wp\/v2\/pages\/2264","targetHints":{"allow":["GET"]}}],"collection":[{"href":"https:\/\/casa-vacanze-miro.com\/fr\/wp-json\/wp\/v2\/pages"}],"about":[{"href":"https:\/\/casa-vacanze-miro.com\/fr\/wp-json\/wp\/v2\/types\/page"}],"author":[{"embeddable":true,"href":"https:\/\/casa-vacanze-miro.com\/fr\/wp-json\/wp\/v2\/users\/2"}],"replies":[{"embeddable":true,"href":"https:\/\/casa-vacanze-miro.com\/fr\/wp-json\/wp\/v2\/comments?post=2264"}],"version-history":[{"count":0,"href":"https:\/\/casa-vacanze-miro.com\/fr\/wp-json\/wp\/v2\/pages\/2264\/revisions"}],"up":[{"embeddable":true,"href":"https:\/\/casa-vacanze-miro.com\/fr\/wp-json\/wp\/v2\/pages\/19"}],"wp:featuredmedia":[{"embeddable":true,"href":"https:\/\/casa-vacanze-miro.com\/fr\/wp-json\/wp\/v2\/media\/2277"}],"wp:attachment":[{"href":"https:\/\/casa-vacanze-miro.com\/fr\/wp-json\/wp\/v2\/media?parent=2264"}],"curies":[{"name":"wp","href":"https:\/\/api.w.org\/{rel}","templated":true}]}}